{"id":1215,"date":"2018-05-29T17:16:51","date_gmt":"2018-05-29T15:16:51","guid":{"rendered":"http:\/\/www.vf-facci.it\/?page_id=1215"},"modified":"2018-05-29T17:16:51","modified_gmt":"2018-05-29T15:16:51","slug":"bench-vice-and-index-heads","status":"publish","type":"page","link":"https:\/\/www.vf-facci.it\/en\/products\/special-tools-for-metal-working-machines\/bench-vice-and-index-heads\/","title":{"rendered":"Bench vice and index heads"},"content":{"rendered":"<div class=\"wpb-content-wrapper\"><p>[vc_row css_animation=&#8221;&#8221; row_type=&#8221;row&#8221; use_row_as_full_screen_section=&#8221;no&#8221; type=&#8221;full_width&#8221; angled_section=&#8221;no&#8221; text_align=&#8221;left&#8221; background_image_as_pattern=&#8221;without_pattern&#8221; background_color=&#8221;#ffffff&#8221; z_index=&#8221;&#8221; el_class=&#8221;top100&#8243;][vc_column][vc_row_inner row_type=&#8221;row&#8221; type=&#8221;grid&#8221; text_align=&#8221;left&#8221; css_animation=&#8221;&#8221;][vc_column_inner width=&#8221;7\/12&#8243;][vc_empty_space height=&#8221;120px&#8221;][vc_single_image image=&#8221;1135&#8243; img_size=&#8221;full&#8221; alignment=&#8221;center&#8221; qode_css_animation=&#8221;&#8221;][\/vc_column_inner][vc_column_inner width=&#8221;5\/12&#8243; css=&#8221;.vc_custom_1523978618005{background-color: #cf4343 !important;}&#8221;][vc_empty_space height=&#8221;90px&#8221;][vc_column_text el_class=&#8221;white&#8221;]<\/p>\n<h1>BENCH VICE AND INDEX HEADS<\/h1>\n<p>[\/vc_column_text][vc_separator type=&#8221;small&#8221; position=&#8221;left&#8221; color=&#8221;#ffffff&#8221; width=&#8221;50&#8243; up=&#8221;20&#8243; down=&#8221;20&#8243;][vc_column_text el_class=&#8221;white&#8221;]High precision, rigidity and solidity for machining centre, grinding machines and milling machines.[\/vc_column_text][vc_empty_space height=&#8221;40px&#8221;][vc_column_text el_class=&#8221;white&#8221;]\u2022 Great stability and accuracy on over hang works!<br \/>\n\u2022 Working on 3 faces with clamping grips, only placing.<br \/>\n\u2022 Large opening, respect to the bench vice length, with external jaws.[\/vc_column_text][vc_empty_space height=&#8221;90px&#8221;][\/vc_column_inner][\/vc_row_inner][\/vc_column][\/vc_row][vc_row css_animation=&#8221;&#8221; row_type=&#8221;row&#8221; use_row_as_full_screen_section=&#8221;no&#8221; type=&#8221;full_width&#8221; angled_section=&#8221;no&#8221; text_align=&#8221;left&#8221; background_image_as_pattern=&#8221;without_pattern&#8221;][vc_column el_class=&#8221;border-bottom&#8221;][vc_single_image image=&#8221;340&#8243; img_size=&#8221;full&#8221; qode_css_animation=&#8221;&#8221;][\/vc_column][\/vc_row][vc_row css_animation=&#8221;&#8221; row_type=&#8221;row&#8221; use_row_as_full_screen_section=&#8221;no&#8221; type=&#8221;grid&#8221; angled_section=&#8221;no&#8221; text_align=&#8221;left&#8221; background_image_as_pattern=&#8221;without_pattern&#8221; z_index=&#8221;&#8221;][vc_column][vc_column_text]Clean geometric shape, perfect squareness (minimum dimension), VF present the:<br \/>\n<b>ENBLOC BENCH VICE NC 140 K.<\/b><br \/>\nThe tolerances on the distances H, H1, H2 B, and C are +0,00 \/ -0,02, this allow the use of sets of bench vices purchased also in different steps.<\/p>\n<p>The bench vice body is machined from a block of high alloy steel 18 NCds* cemented, hardened and totally ground (building concept applied until now only for small manual bench vices, for grinding machines and test rooms) assure rigidity and accuracy also after long time.[\/vc_column_text][vc_empty_space height=&#8221;40px&#8221;][\/vc_column][\/vc_row][vc_row css_animation=&#8221;&#8221; row_type=&#8221;row&#8221; use_row_as_full_screen_section=&#8221;no&#8221; type=&#8221;full_width&#8221; angled_section=&#8221;no&#8221; text_align=&#8221;left&#8221; background_image_as_pattern=&#8221;without_pattern&#8221; background_color=&#8221;#ffffff&#8221; z_index=&#8221;&#8221;][vc_column][vc_empty_space height=&#8221;40px&#8221;][vc_row_inner row_type=&#8221;row&#8221; type=&#8221;grid&#8221; text_align=&#8221;left&#8221; css_animation=&#8221;&#8221;][vc_column_inner width=&#8221;1\/2&#8243;][vc_column_text]<\/p>\n<h2 style=\"text-align: center;\">TECHNICAL SPECIFICATIONS<\/h2>\n<p>[\/vc_column_text][vc_empty_space height=&#8221;40px&#8221;]<div class=\"image_with_text\"><img decoding=\"async\" itemprop=\"image\" src=\"https:\/\/www.vf-facci.it\/wp-content\/uploads\/2018\/05\/morsa_dt01.jpg\" alt=\"\" \/><h3 ><\/h3><span style=\"margin: 6px 0px;\" class=\"separator transparent\"><\/span><b>Double compound screw plus lead screw with double telescopic system(patented)<\/b>\u00a0allow mobile jaw thrust for the entire stroke with a minimum screw protrusion (55 mm. for NC 140 K) on the maximum opening.<\/div>[vc_empty_space height=&#8221;10px&#8221;]<div class=\"image_with_text\"><img decoding=\"async\" itemprop=\"image\" src=\"https:\/\/www.vf-facci.it\/wp-content\/uploads\/2018\/05\/morsa_dt02.jpg\" alt=\"\" \/><h3 ><\/h3><span style=\"margin: 6px 0px;\" class=\"separator transparent\"><\/span><b>Minimum gripper 2-3 mm.<br \/>\n<\/b><br \/>\nAbsence of the jaw lifting High clamping factor with a minimum gripper (2-3 mm.)<\/p>\n<p>Complete set of magnetic thickness.<\/div>[vc_empty_space height=&#8221;10px&#8221;]<div class=\"image_with_text\"><img decoding=\"async\" itemprop=\"image\" src=\"https:\/\/www.vf-facci.it\/wp-content\/uploads\/2018\/05\/morsa_dt03.jpg\" alt=\"\" \/><h3 ><\/h3><span style=\"margin: 6px 0px;\" class=\"separator transparent\"><\/span><b>High external jaws.<\/b><\/p>\n<p>Power screw M14 for high external jaws application, narrow jaws and specific tools.<\/div>[vc_empty_space height=&#8221;10px&#8221;]<div class=\"image_with_text\"><img decoding=\"async\" itemprop=\"image\" src=\"https:\/\/www.vf-facci.it\/wp-content\/uploads\/2018\/05\/morsa_dt04.jpg\" alt=\"\" \/><h3 ><\/h3><span style=\"margin: 6px 0px;\" class=\"separator transparent\"><\/span><b>Removable protection.<br \/>\n<\/b><br \/>\nRemovable protection with 2 positions. Protects the clamping system from the dusts and working residuals.<\/div>[\/vc_column_inner][vc_column_inner width=&#8221;1\/2&#8243;][vc_empty_space height=&#8221;50px&#8221;][vc_empty_space height=&#8221;10px&#8221;]<div class=\"image_with_text\"><img decoding=\"async\" itemprop=\"image\" src=\"https:\/\/www.vf-facci.it\/wp-content\/uploads\/2018\/05\/morsa_dt05.jpg\" alt=\"\" \/><h3 ><\/h3><span style=\"margin: 6px 0px;\" class=\"separator transparent\"><\/span><b>Opening field extension.<br \/>\n<\/b><br \/>\nThrough external jaws is possibile extend the opening field.<\/p>\n<p>Increasing of clamping height with the same jaws already positioned.<\/p>\n<p><b>Jaws thickness 25 mm.<\/b><br \/>\n(+0,0 \/ -0,01)<\/div>[vc_empty_space height=&#8221;10px&#8221;]<div class=\"image_with_text\"><img decoding=\"async\" itemprop=\"image\" src=\"https:\/\/www.vf-facci.it\/wp-content\/uploads\/2018\/05\/morsa_dt06.jpg\" alt=\"\" \/><h3 ><\/h3><span style=\"margin: 6px 0px;\" class=\"separator transparent\"><\/span><b>Hydraulic and\/or manual use<\/b><\/p>\n<p>Indifferently is possible hydraulic and \/or the manual use.<\/p>\n<p><b>New hydraulic connection system by high pressure pipe \u00f8 6,0 mm<\/b>. with quick pipe fitting (quick disconnection)No anymore tangles and confusion on the working bench<\/p>\n<p><b>Range of 3 pressure units operating on the same circuit:<\/b><br \/>\n&#8211; Multipliers at single pumping;<br \/>\n&#8211; Multiple pneumatic\/hydraulic pumping station (patented), small dimensions carried on the bench for set of bench vices (max. 3 units);<br \/>\n&#8211; Multiplication unit mechanic and hydraulic.<\/div>[\/vc_column_inner][\/vc_row_inner][vc_empty_space height=&#8221;40px&#8221;][vc_row_inner row_type=&#8221;row&#8221; type=&#8221;grid&#8221; text_align=&#8221;left&#8221; css_animation=&#8221;&#8221;][vc_column_inner][vc_column_text]<\/p>\n<h2 style=\"text-align: center;\">CLAMPING<\/h2>\n<p>[\/vc_column_text][vc_empty_space height=&#8221;40px&#8221;][vc_column_text]Horizontal clamping possibility and lateral use on the grinding machines.[\/vc_column_text][vc_empty_space height=&#8221;10px&#8221;][\/vc_column_inner][\/vc_row_inner][vc_row_inner row_type=&#8221;row&#8221; type=&#8221;grid&#8221; text_align=&#8221;left&#8221; css_animation=&#8221;&#8221;][vc_column_inner width=&#8221;1\/2&#8243;][vc_single_image image=&#8221;1187&#8243; img_size=&#8221;full&#8221; qode_css_animation=&#8221;&#8221;][\/vc_column_inner][vc_column_inner width=&#8221;1\/2&#8243;][vc_single_image image=&#8221;1199&#8243; img_size=&#8221;full&#8221; qode_css_animation=&#8221;&#8221;][\/vc_column_inner][\/vc_row_inner][vc_empty_space height=&#8221;40px&#8221;][\/vc_column][\/vc_row][vc_row css_animation=&#8221;&#8221; row_type=&#8221;row&#8221; use_row_as_full_screen_section=&#8221;no&#8221; type=&#8221;full_width&#8221; angled_section=&#8221;no&#8221; text_align=&#8221;left&#8221; background_image_as_pattern=&#8221;without_pattern&#8221; z_index=&#8221;&#8221;][vc_column][vc_single_image image=&#8221;110&#8243; img_size=&#8221;full&#8221; alignment=&#8221;center&#8221; qode_css_animation=&#8221;&#8221; el_class=&#8221;img-top&#8221;][vc_row_inner row_type=&#8221;row&#8221; type=&#8221;full_width&#8221; text_align=&#8221;left&#8221; css_animation=&#8221;&#8221; el_class=&#8221;clip-grigia &#8220;][vc_column_inner][vc_empty_space height=&#8221;180px&#8221;][\/vc_column_inner][\/vc_row_inner][vc_row_inner row_type=&#8221;row&#8221; type=&#8221;grid&#8221; text_align=&#8221;left&#8221; background_color=&#8221;#323232&#8243; css_animation=&#8221;&#8221;][vc_column_inner][vc_column_text]<\/p>\n<h1 style=\"text-align: center; color: #fff !important;\">NEWSLETTER<\/h1>\n<p>[\/vc_column_text][vc_empty_space height=&#8221;20px&#8221;][vc_column_text]<\/p>\n<p style=\"text-align: center; color: #fff !important;\">Iscriviti per rimanere informato<\/p>\n<p>[\/vc_column_text][vc_empty_space height=&#8221;40px&#8221;][\/vc_column_inner][\/vc_row_inner][vc_row_inner row_type=&#8221;row&#8221; type=&#8221;grid&#8221; text_align=&#8221;left&#8221; background_color=&#8221;#323232&#8243; css_animation=&#8221;&#8221;][vc_column_inner width=&#8221;1\/4&#8243;][\/vc_column_inner][vc_column_inner width=&#8221;1\/2&#8243;][vc_column_text]<script>(function() {\n\twindow.mc4wp = window.mc4wp || {\n\t\tlisteners: [],\n\t\tforms: {\n\t\t\ton: function(evt, cb) {\n\t\t\t\twindow.mc4wp.listeners.push(\n\t\t\t\t\t{\n\t\t\t\t\t\tevent   : evt,\n\t\t\t\t\t\tcallback: cb\n\t\t\t\t\t}\n\t\t\t\t);\n\t\t\t}\n\t\t}\n\t}\n})();\n<\/script><!-- Mailchimp for WordPress v4.12.3 - https:\/\/wordpress.org\/plugins\/mailchimp-for-wp\/ --><form id=\"mc4wp-form-1\" class=\"mc4wp-form mc4wp-form-824\" method=\"post\" data-id=\"824\" data-name=\"newsletter\" ><div class=\"mc4wp-form-fields\"><p>\r\n  <span class=\"alignleft\"><img decoding=\"async\" src=\"\/wp-content\/uploads\/2018\/03\/email.png\" style=\"float: left;\">\r\n    \r\n    <input type=\"email\" name=\"EMAIL\" placeholder=\"Enter your e-mail\" required \/><\/span>\r\n  <span class=\"alignright\">\t <\/span> \r\n<\/p>\r\n\r\n<p style=\"display:block;\">\r\n  <span class=\"alignleft\" style=\"clear:both;\">\r\n    <span style=\"color:#fff; font-size:13px;line-height:15px;display:block\">Informativa ai sensi degli artt. 13 e 14 del GDPR UE 2016\/679 e alla normativa nazionale vigente. I dati conferiti con la compilazione del presente modulo saranno oggetto di trattamento cartaceo ed informatizzato. I suoi dati saranno utilizzati esclusivamente per poter rispondere alla Sua richiesta. Il conferimento dei dati e il consenso al trattamento \u00e8 obbligatorio, la sua mancanza comporter\u00e0 l\u2019impossibilit\u00e0 di dare esecuzione alla prestazione. e commerciale. Titolare del trattamento \u00e8 VF S.r.l.a cui potr\u00e0 rivolgersi per l\u2019esercizio dei diritti di cui agli artt. 15-22 Reg.to UE 2016\/679. Per la visione dell\u2019informativa completa si rimanda a questo link: www.vf-facci.it\/it\/privacy. \r\n\r\nDichiaro di aver letto e compreso l'informativa di cui agli artt. 13 e 14 del GDPR UE 2016\/679 e alla normativa nazionale vigente e autorizzo il trattamento dei miei dati personali (ai sensi dell\u2019art. 7 del GDPR 2016\/679 e della normativa nazionale vigente).<\/span><\/span>\r\n<\/p>\r\n<p style=\"display:block; width:100%; clear:both;\">\r\n  <input name=\"_mc4wp_action\" type=\"checkbox\" value=\"subscribe\" required=\"\"> <span style=\"color:#fff\">Do il consenso\r\n<\/span><\/p>\r\n<input type=\"submit\" value=\"SUBMIT\" \/>\r\n<div class=\"mc4wp-response\"><\/div><\/div><label style=\"display: none !important;\">Leave this field empty if you're human: <input type=\"text\" name=\"_mc4wp_honeypot\" value=\"\" tabindex=\"-1\" autocomplete=\"off\" \/><\/label><input type=\"hidden\" name=\"_mc4wp_timestamp\" value=\"1778153219\" \/><input type=\"hidden\" name=\"_mc4wp_form_id\" value=\"824\" \/><input type=\"hidden\" name=\"_mc4wp_form_element_id\" value=\"mc4wp-form-1\" \/><\/form><!-- \/ Mailchimp for WordPress Plugin -->[\/vc_column_text][\/vc_column_inner][vc_column_inner width=&#8221;1\/4&#8243;][\/vc_column_inner][\/vc_row_inner][vc_empty_space height=&#8221;80px&#8221; el_class=&#8221;e-footer&#8221;][\/vc_column][\/vc_row]<\/p>\n<\/div>","protected":false},"excerpt":{"rendered":"<p>[vc_row css_animation=&#8221;&#8221; row_type=&#8221;row&#8221; use_row_as_full_screen_section=&#8221;no&#8221; type=&#8221;full_width&#8221; angled_section=&#8221;no&#8221; text_align=&#8221;left&#8221; background_image_as_pattern=&#8221;without_pattern&#8221; background_color=&#8221;#ffffff&#8221; z_index=&#8221;&#8221; el_class=&#8221;top100&#8243;][vc_column][vc_row_inner row_type=&#8221;row&#8221; type=&#8221;grid&#8221; text_align=&#8221;left&#8221; css_animation=&#8221;&#8221;][vc_column_inner width=&#8221;7\/12&#8243;][vc_empty_space height=&#8221;120px&#8221;][vc_single_image image=&#8221;1135&#8243; img_size=&#8221;full&#8221; alignment=&#8221;center&#8221; qode_css_animation=&#8221;&#8221;][\/vc_column_inner][vc_column_inner width=&#8221;5\/12&#8243; css=&#8221;.vc_custom_1523978618005{background-color: #cf4343 !important;}&#8221;][vc_empty_space height=&#8221;90px&#8221;][vc_column_text el_class=&#8221;white&#8221;] BENCH VICE AND INDEX HEADS [\/vc_column_text][vc_separator type=&#8221;small&#8221; position=&#8221;left&#8221; color=&#8221;#ffffff&#8221; width=&#8221;50&#8243; up=&#8221;20&#8243; down=&#8221;20&#8243;][vc_column_text el_class=&#8221;white&#8221;]High precision, rigidity and solidity for&#8230;<\/p>\n","protected":false},"author":2,"featured_media":0,"parent":1211,"menu_order":0,"comment_status":"closed","ping_status":"closed","template":"full_width.php","meta":{"inline_featured_image":false,"footnotes":""},"class_list":["post-1215","page","type-page","status-publish","hentry"],"yoast_head":"<!-- This site is optimized with the Yoast SEO plugin v27.5 - https:\/\/yoast.com\/product\/yoast-seo-wordpress\/ -->\n<title>Bench vice and index heads - VF Facci<\/title>\n<meta name=\"robots\" content=\"index, follow, max-snippet:-1, max-image-preview:large, max-video-preview:-1\" \/>\n<link rel=\"canonical\" href=\"https:\/\/www.vf-facci.it\/it\/prodotti\/accessori-per-macchine-utensili\/morse-e-divisori\/\" \/>\n<meta property=\"og:locale\" content=\"en_US\" \/>\n<meta property=\"og:type\" content=\"article\" \/>\n<meta property=\"og:title\" content=\"Bench vice and index heads - VF Facci\" \/>\n<meta property=\"og:description\" content=\"[vc_row css_animation=&#8221;&#8221; row_type=&#8221;row&#8221; use_row_as_full_screen_section=&#8221;no&#8221; type=&#8221;full_width&#8221; angled_section=&#8221;no&#8221; text_align=&#8221;left&#8221; background_image_as_pattern=&#8221;without_pattern&#8221; background_color=&#8221;#ffffff&#8221; z_index=&#8221;&#8221; el_class=&#8221;top100&#8243;][vc_column][vc_row_inner row_type=&#8221;row&#8221; type=&#8221;grid&#8221; text_align=&#8221;left&#8221; css_animation=&#8221;&#8221;][vc_column_inner width=&#8221;7\/12&#8243;][vc_empty_space height=&#8221;120px&#8221;][vc_single_image image=&#8221;1135&#8243; img_size=&#8221;full&#8221; alignment=&#8221;center&#8221; qode_css_animation=&#8221;&#8221;][\/vc_column_inner][vc_column_inner width=&#8221;5\/12&#8243; css=&#8221;.vc_custom_1523978618005{background-color: #cf4343 !important;}&#8221;][vc_empty_space height=&#8221;90px&#8221;][vc_column_text el_class=&#8221;white&#8221;] BENCH VICE AND INDEX HEADS [\/vc_column_text][vc_separator type=&#8221;small&#8221; position=&#8221;left&#8221; color=&#8221;#ffffff&#8221; width=&#8221;50&#8243; up=&#8221;20&#8243; down=&#8221;20&#8243;][vc_column_text el_class=&#8221;white&#8221;]High precision, rigidity and solidity for...\" \/>\n<meta property=\"og:url\" content=\"https:\/\/www.vf-facci.it\/it\/prodotti\/accessori-per-macchine-utensili\/morse-e-divisori\/\" \/>\n<meta property=\"og:site_name\" content=\"VF Facci\" \/>\n<meta name=\"twitter:card\" content=\"summary_large_image\" \/>\n<meta name=\"twitter:label1\" content=\"Est. reading time\" \/>\n\t<meta name=\"twitter:data1\" content=\"5 minutes\" \/>\n<script type=\"application\/ld+json\" class=\"yoast-schema-graph\">{\"@context\":\"https:\\\/\\\/schema.org\",\"@graph\":[{\"@type\":\"WebPage\",\"@id\":\"https:\\\/\\\/www.vf-facci.it\\\/it\\\/prodotti\\\/accessori-per-macchine-utensili\\\/morse-e-divisori\\\/\",\"url\":\"https:\\\/\\\/www.vf-facci.it\\\/it\\\/prodotti\\\/accessori-per-macchine-utensili\\\/morse-e-divisori\\\/\",\"name\":\"Bench vice and index heads - VF Facci\",\"isPartOf\":{\"@id\":\"https:\\\/\\\/www.vf-facci.it\\\/it\\\/#website\"},\"datePublished\":\"2018-05-29T15:16:51+00:00\",\"breadcrumb\":{\"@id\":\"https:\\\/\\\/www.vf-facci.it\\\/it\\\/prodotti\\\/accessori-per-macchine-utensili\\\/morse-e-divisori\\\/#breadcrumb\"},\"inLanguage\":\"en-US\",\"potentialAction\":[{\"@type\":\"ReadAction\",\"target\":[\"https:\\\/\\\/www.vf-facci.it\\\/it\\\/prodotti\\\/accessori-per-macchine-utensili\\\/morse-e-divisori\\\/\"]}]},{\"@type\":\"BreadcrumbList\",\"@id\":\"https:\\\/\\\/www.vf-facci.it\\\/it\\\/prodotti\\\/accessori-per-macchine-utensili\\\/morse-e-divisori\\\/#breadcrumb\",\"itemListElement\":[{\"@type\":\"ListItem\",\"position\":1,\"name\":\"Home\",\"item\":\"https:\\\/\\\/www.vf-facci.it\\\/it\\\/\"},{\"@type\":\"ListItem\",\"position\":2,\"name\":\"Products\",\"item\":\"https:\\\/\\\/www.vf-facci.it\\\/it\\\/prodotti\\\/\"},{\"@type\":\"ListItem\",\"position\":3,\"name\":\"Special tools for metal working machines\",\"item\":\"https:\\\/\\\/www.vf-facci.it\\\/it\\\/prodotti\\\/accessori-per-macchine-utensili\\\/\"},{\"@type\":\"ListItem\",\"position\":4,\"name\":\"Bench vice and index heads\"}]},{\"@type\":\"WebSite\",\"@id\":\"https:\\\/\\\/www.vf-facci.it\\\/it\\\/#website\",\"url\":\"https:\\\/\\\/www.vf-facci.it\\\/it\\\/\",\"name\":\"VF Facci\",\"description\":\"ATTREZZATURE PER MACCHINE UTENSILI, AUTOMAZIONI\",\"potentialAction\":[{\"@type\":\"SearchAction\",\"target\":{\"@type\":\"EntryPoint\",\"urlTemplate\":\"https:\\\/\\\/www.vf-facci.it\\\/it\\\/?s={search_term_string}\"},\"query-input\":{\"@type\":\"PropertyValueSpecification\",\"valueRequired\":true,\"valueName\":\"search_term_string\"}}],\"inLanguage\":\"en-US\"}]}<\/script>\n<!-- \/ Yoast SEO plugin. -->","yoast_head_json":{"title":"Bench vice and index heads - VF Facci","robots":{"index":"index","follow":"follow","max-snippet":"max-snippet:-1","max-image-preview":"max-image-preview:large","max-video-preview":"max-video-preview:-1"},"canonical":"https:\/\/www.vf-facci.it\/it\/prodotti\/accessori-per-macchine-utensili\/morse-e-divisori\/","og_locale":"en_US","og_type":"article","og_title":"Bench vice and index heads - VF Facci","og_description":"[vc_row css_animation=&#8221;&#8221; row_type=&#8221;row&#8221; use_row_as_full_screen_section=&#8221;no&#8221; type=&#8221;full_width&#8221; angled_section=&#8221;no&#8221; text_align=&#8221;left&#8221; background_image_as_pattern=&#8221;without_pattern&#8221; background_color=&#8221;#ffffff&#8221; z_index=&#8221;&#8221; el_class=&#8221;top100&#8243;][vc_column][vc_row_inner row_type=&#8221;row&#8221; type=&#8221;grid&#8221; text_align=&#8221;left&#8221; css_animation=&#8221;&#8221;][vc_column_inner width=&#8221;7\/12&#8243;][vc_empty_space height=&#8221;120px&#8221;][vc_single_image image=&#8221;1135&#8243; img_size=&#8221;full&#8221; alignment=&#8221;center&#8221; qode_css_animation=&#8221;&#8221;][\/vc_column_inner][vc_column_inner width=&#8221;5\/12&#8243; css=&#8221;.vc_custom_1523978618005{background-color: #cf4343 !important;}&#8221;][vc_empty_space height=&#8221;90px&#8221;][vc_column_text el_class=&#8221;white&#8221;] BENCH VICE AND INDEX HEADS [\/vc_column_text][vc_separator type=&#8221;small&#8221; position=&#8221;left&#8221; color=&#8221;#ffffff&#8221; width=&#8221;50&#8243; up=&#8221;20&#8243; down=&#8221;20&#8243;][vc_column_text el_class=&#8221;white&#8221;]High precision, rigidity and solidity for...","og_url":"https:\/\/www.vf-facci.it\/it\/prodotti\/accessori-per-macchine-utensili\/morse-e-divisori\/","og_site_name":"VF Facci","twitter_card":"summary_large_image","twitter_misc":{"Est. reading time":"5 minutes"},"schema":{"@context":"https:\/\/schema.org","@graph":[{"@type":"WebPage","@id":"https:\/\/www.vf-facci.it\/it\/prodotti\/accessori-per-macchine-utensili\/morse-e-divisori\/","url":"https:\/\/www.vf-facci.it\/it\/prodotti\/accessori-per-macchine-utensili\/morse-e-divisori\/","name":"Bench vice and index heads - VF Facci","isPartOf":{"@id":"https:\/\/www.vf-facci.it\/it\/#website"},"datePublished":"2018-05-29T15:16:51+00:00","breadcrumb":{"@id":"https:\/\/www.vf-facci.it\/it\/prodotti\/accessori-per-macchine-utensili\/morse-e-divisori\/#breadcrumb"},"inLanguage":"en-US","potentialAction":[{"@type":"ReadAction","target":["https:\/\/www.vf-facci.it\/it\/prodotti\/accessori-per-macchine-utensili\/morse-e-divisori\/"]}]},{"@type":"BreadcrumbList","@id":"https:\/\/www.vf-facci.it\/it\/prodotti\/accessori-per-macchine-utensili\/morse-e-divisori\/#breadcrumb","itemListElement":[{"@type":"ListItem","position":1,"name":"Home","item":"https:\/\/www.vf-facci.it\/it\/"},{"@type":"ListItem","position":2,"name":"Products","item":"https:\/\/www.vf-facci.it\/it\/prodotti\/"},{"@type":"ListItem","position":3,"name":"Special tools for metal working machines","item":"https:\/\/www.vf-facci.it\/it\/prodotti\/accessori-per-macchine-utensili\/"},{"@type":"ListItem","position":4,"name":"Bench vice and index heads"}]},{"@type":"WebSite","@id":"https:\/\/www.vf-facci.it\/it\/#website","url":"https:\/\/www.vf-facci.it\/it\/","name":"VF Facci","description":"ATTREZZATURE PER MACCHINE UTENSILI, AUTOMAZIONI","potentialAction":[{"@type":"SearchAction","target":{"@type":"EntryPoint","urlTemplate":"https:\/\/www.vf-facci.it\/it\/?s={search_term_string}"},"query-input":{"@type":"PropertyValueSpecification","valueRequired":true,"valueName":"search_term_string"}}],"inLanguage":"en-US"}]}},"_links":{"self":[{"href":"https:\/\/www.vf-facci.it\/en\/wp-json\/wp\/v2\/pages\/1215","targetHints":{"allow":["GET"]}}],"collection":[{"href":"https:\/\/www.vf-facci.it\/en\/wp-json\/wp\/v2\/pages"}],"about":[{"href":"https:\/\/www.vf-facci.it\/en\/wp-json\/wp\/v2\/types\/page"}],"author":[{"embeddable":true,"href":"https:\/\/www.vf-facci.it\/en\/wp-json\/wp\/v2\/users\/2"}],"replies":[{"embeddable":true,"href":"https:\/\/www.vf-facci.it\/en\/wp-json\/wp\/v2\/comments?post=1215"}],"version-history":[{"count":0,"href":"https:\/\/www.vf-facci.it\/en\/wp-json\/wp\/v2\/pages\/1215\/revisions"}],"up":[{"embeddable":true,"href":"https:\/\/www.vf-facci.it\/en\/wp-json\/wp\/v2\/pages\/1211"}],"wp:attachment":[{"href":"https:\/\/www.vf-facci.it\/en\/wp-json\/wp\/v2\/media?parent=1215"}],"curies":[{"name":"wp","href":"https:\/\/api.w.org\/{rel}","templated":true}]}}