{"id":1133,"date":"2018-05-29T15:51:06","date_gmt":"2018-05-29T13:51:06","guid":{"rendered":"http:\/\/www.vf-facci.it\/?page_id=1133"},"modified":"2019-04-09T11:45:09","modified_gmt":"2019-04-09T09:45:09","slug":"accessori-per-macchine-utensili","status":"publish","type":"page","link":"https:\/\/www.vf-facci.it\/it\/prodotti\/accessori-per-macchine-utensili\/","title":{"rendered":"Accessori per macchine utensili"},"content":{"rendered":"<div class=\"wpb-content-wrapper\"><p>[vc_row css_animation=&#8221;&#8221; row_type=&#8221;row&#8221; use_row_as_full_screen_section=&#8221;no&#8221; type=&#8221;full_width&#8221; angled_section=&#8221;no&#8221; text_align=&#8221;left&#8221; background_image_as_pattern=&#8221;without_pattern&#8221; z_index=&#8221;&#8221;][vc_column][vc_single_image image=&#8221;198&#8243; img_size=&#8221;full&#8221; qode_css_animation=&#8221;&#8221;][\/vc_column][\/vc_row][vc_row css_animation=&#8221;&#8221; row_type=&#8221;row&#8221; use_row_as_full_screen_section=&#8221;no&#8221; type=&#8221;full_width&#8221; angled_section=&#8221;no&#8221; text_align=&#8221;left&#8221; background_image_as_pattern=&#8221;without_pattern&#8221; z_index=&#8221;&#8221; el_class=&#8221;top&#8221; el_id=&#8221;riga-prod&#8221;][vc_column][vc_row_inner row_type=&#8221;row&#8221; type=&#8221;grid&#8221; text_align=&#8221;left&#8221; css_animation=&#8221;&#8221;][vc_column_inner][vc_column_text]<\/p>\n<h1 style=\"text-align: center;\">ACCESSORI PER MACCHINE UTENSILI<\/h1>\n<p>[\/vc_column_text][vc_empty_space height=&#8221;50px&#8221;][vc_column_text]Il costante contatto con le problematiche delle lavorazioni meccaniche, unito alla nostra esperienza nella realizzazione di macchine speciali ed automazioni, ci ha portato alla realizzazione di una gamma di prim&#8217;ordine di accessori per macchine utensili.[\/vc_column_text][vc_empty_space height=&#8221;90px&#8221;][\/vc_column_inner][\/vc_row_inner][\/vc_column][\/vc_row][vc_row css_animation=&#8221;&#8221; row_type=&#8221;row&#8221; use_row_as_full_screen_section=&#8221;no&#8221; type=&#8221;full_width&#8221; angled_section=&#8221;no&#8221; text_align=&#8221;left&#8221; background_image_as_pattern=&#8221;without_pattern&#8221; el_class=&#8221;top250&#8243; z_index=&#8221;&#8221;][vc_column][vc_single_image image=&#8221;110&#8243; img_size=&#8221;full&#8221; alignment=&#8221;center&#8221; qode_css_animation=&#8221;&#8221; el_class=&#8221;img-top&#8221;][vc_row_inner row_type=&#8221;row&#8221; type=&#8221;full_width&#8221; text_align=&#8221;left&#8221; css_animation=&#8221;&#8221; el_class=&#8221;clip-bianca &#8220;][vc_column_inner][vc_empty_space height=&#8221;180px&#8221;][\/vc_column_inner][\/vc_row_inner][vc_row_inner row_type=&#8221;row&#8221; type=&#8221;grid&#8221; text_align=&#8221;left&#8221; background_color=&#8221;#ffffff&#8221; css_animation=&#8221;&#8221;][vc_column_inner width=&#8221;1\/2&#8243;][vc_single_image image=&#8221;1135&#8243; img_size=&#8221;full&#8221; alignment=&#8221;center&#8221; onclick=&#8221;custom_link&#8221; qode_css_animation=&#8221;&#8221; link=&#8221;\/it\/prodotti\/accessori-per-macchine-utensili\/morse-e-divisori\/&#8221;][vc_empty_space height=&#8221;30px&#8221;][vc_column_text]<\/p>\n<h2 style=\"text-align: center;\">MORSE E DIVISORI<\/h2>\n<p>[\/vc_column_text][vc_separator type=&#8221;small&#8221; position=&#8221;center&#8221; color=&#8221;#ee2b28&#8243; transparency=&#8221;1&#8243; width=&#8221;50&#8243; up=&#8221;25&#8243; down=&#8221;25&#8243;][vc_column_text]<\/p>\n<p style=\"text-align: center;\">Alta precisione, rigidit\u00e0 e compattezza per centri di lavoro,rettifiche e fresatrici.<\/p>\n<p>[\/vc_column_text][vc_empty_space height=&#8221;30px&#8221;]<a id=\"btn-prod\" itemprop=\"url\" href=\"\/it\/prodotti\/accessori-per-macchine-utensili\/morse-e-divisori\/\" target=\"_self\" data-hover-background-color=#ee2b28 data-hover-border-color=#ee2b28 data-hover-color=#ffffff class=\"qbutton  center default\" style=\"color: #ffffff; border-color: #ee2b28; font-weight: 300; font-family: Lato; text-transform: uppercase; font-size: 18px; border-radius: 0px;-moz-border-radius: 0px;-webkit-border-radius: 0px; background-color: #ee2b28;\">VEDI PRODOTTO<\/a>[vc_empty_space height=&#8221;50px&#8221;][\/vc_column_inner][vc_column_inner width=&#8221;1\/2&#8243;][vc_single_image image=&#8221;1140&#8243; img_size=&#8221;full&#8221; alignment=&#8221;center&#8221; onclick=&#8221;custom_link&#8221; qode_css_animation=&#8221;&#8221; link=&#8221;\/it\/prodotti\/accessori-per-macchine-utensili\/serraggio-e-posizionamento-angolare\/&#8221;][vc_empty_space height=&#8221;30px&#8221;][vc_column_text]<\/p>\n<h2 style=\"text-align: center;\">SERRAGGIO E POSIZIONAMENTO ANGOLARE<\/h2>\n<p>[\/vc_column_text][vc_separator type=&#8221;small&#8221; position=&#8221;center&#8221; color=&#8221;#ee2b28&#8243; transparency=&#8221;1&#8243; width=&#8221;50&#8243; up=&#8221;25&#8243; down=&#8221;25&#8243;][vc_column_text]<\/p>\n<p style=\"text-align: center;\">Una formidabile combinazione: elevata produttivit\u00e0 e precisione.<\/p>\n<p>[\/vc_column_text][vc_empty_space height=&#8221;30px&#8221;]<a id=\"btn-prod\" itemprop=\"url\" href=\"\/it\/prodotti\/accessori-per-macchine-utensili\/serraggio-e-posizionamento-angolare\/\" target=\"_self\" data-hover-background-color=#ee2b28 data-hover-border-color=#ee2b28 data-hover-color=#ffffff class=\"qbutton  center default\" style=\"color: #ffffff; border-color: #ee2b28; font-weight: 300; font-family: Lato; text-transform: uppercase; font-size: 18px; border-radius: 0px;-moz-border-radius: 0px;-webkit-border-radius: 0px; background-color: #ee2b28;\">VEDI PRODOTTO<\/a>[vc_empty_space height=&#8221;50px&#8221;][\/vc_column_inner][\/vc_row_inner][vc_empty_space height=&#8221;300px&#8221; css=&#8221;.vc_custom_1521473765126{background-color: #ffffff !important;}&#8221;][\/vc_column][\/vc_row][vc_row css_animation=&#8221;&#8221; row_type=&#8221;row&#8221; use_row_as_full_screen_section=&#8221;no&#8221; type=&#8221;full_width&#8221; angled_section=&#8221;no&#8221; text_align=&#8221;left&#8221; background_image_as_pattern=&#8221;without_pattern&#8221; z_index=&#8221;&#8221; el_class=&#8221;top180&#8243;][vc_column][vc_single_image image=&#8221;110&#8243; img_size=&#8221;full&#8221; alignment=&#8221;center&#8221; qode_css_animation=&#8221;&#8221; el_class=&#8221;img-top&#8221;][vc_row_inner row_type=&#8221;row&#8221; type=&#8221;full_width&#8221; text_align=&#8221;left&#8221; css_animation=&#8221;&#8221; el_class=&#8221;clip-grigia &#8220;][vc_column_inner][vc_empty_space height=&#8221;180px&#8221;][\/vc_column_inner][\/vc_row_inner][vc_row_inner row_type=&#8221;row&#8221; type=&#8221;grid&#8221; text_align=&#8221;left&#8221; background_color=&#8221;#323232&#8243; css_animation=&#8221;&#8221;][vc_column_inner][vc_column_text]<\/p>\n<h1 style=\"text-align: center; color: #fff !important;\">NEWSLETTER<\/h1>\n<p>[\/vc_column_text][vc_empty_space height=&#8221;20px&#8221;][vc_column_text]<\/p>\n<p style=\"text-align: center; color: #fff !important;\">Iscriviti per rimanere informato<\/p>\n<p>[\/vc_column_text][vc_empty_space height=&#8221;40px&#8221;][\/vc_column_inner][\/vc_row_inner][vc_row_inner row_type=&#8221;row&#8221; type=&#8221;grid&#8221; text_align=&#8221;left&#8221; background_color=&#8221;#323232&#8243; css_animation=&#8221;&#8221;][vc_column_inner width=&#8221;1\/4&#8243;][\/vc_column_inner][vc_column_inner width=&#8221;1\/2&#8243;][vc_column_text]<script>(function() {\n\twindow.mc4wp = window.mc4wp || {\n\t\tlisteners: [],\n\t\tforms: {\n\t\t\ton: function(evt, cb) {\n\t\t\t\twindow.mc4wp.listeners.push(\n\t\t\t\t\t{\n\t\t\t\t\t\tevent   : evt,\n\t\t\t\t\t\tcallback: cb\n\t\t\t\t\t}\n\t\t\t\t);\n\t\t\t}\n\t\t}\n\t}\n})();\n<\/script><!-- Mailchimp for WordPress v4.12.2 - https:\/\/wordpress.org\/plugins\/mailchimp-for-wp\/ --><form id=\"mc4wp-form-1\" class=\"mc4wp-form mc4wp-form-824\" method=\"post\" data-id=\"824\" data-name=\"newsletter\" ><div class=\"mc4wp-form-fields\"><p>\r\n  <span class=\"alignleft\"><img decoding=\"async\" src=\"\/wp-content\/uploads\/2018\/03\/email.png\" style=\"float: left;\">\r\n    \r\n    <input type=\"email\" name=\"EMAIL\" placeholder=\"Enter your e-mail\" required \/><\/span>\r\n  <span class=\"alignright\">\t <\/span> \r\n<\/p>\r\n\r\n<p style=\"display:block;\">\r\n  <span class=\"alignleft\" style=\"clear:both;\">\r\n    <span style=\"color:#fff; font-size:13px;line-height:15px;display:block\">Informativa ai sensi degli artt. 13 e 14 del GDPR UE 2016\/679 e alla normativa nazionale vigente. I dati conferiti con la compilazione del presente modulo saranno oggetto di trattamento cartaceo ed informatizzato. I suoi dati saranno utilizzati esclusivamente per poter rispondere alla Sua richiesta. Il conferimento dei dati e il consenso al trattamento \u00e8 obbligatorio, la sua mancanza comporter\u00e0 l\u2019impossibilit\u00e0 di dare esecuzione alla prestazione. e commerciale. Titolare del trattamento \u00e8 VF S.r.l.a cui potr\u00e0 rivolgersi per l\u2019esercizio dei diritti di cui agli artt. 15-22 Reg.to UE 2016\/679. Per la visione dell\u2019informativa completa si rimanda a questo link: www.vf-facci.it\/it\/privacy. \r\n\r\nDichiaro di aver letto e compreso l'informativa di cui agli artt. 13 e 14 del GDPR UE 2016\/679 e alla normativa nazionale vigente e autorizzo il trattamento dei miei dati personali (ai sensi dell\u2019art. 7 del GDPR 2016\/679 e della normativa nazionale vigente).<\/span><\/span>\r\n<\/p>\r\n<p style=\"display:block; width:100%; clear:both;\">\r\n  <input name=\"_mc4wp_action\" type=\"checkbox\" value=\"subscribe\" required=\"\"> <span style=\"color:#fff\">Do il consenso\r\n<\/span><\/p>\r\n<input type=\"submit\" value=\"SUBMIT\" \/>\r\n<div class=\"mc4wp-response\"><\/div><\/div><label style=\"display: none !important;\">Lascia questo campo vuoto se sei umano: <input type=\"text\" name=\"_mc4wp_honeypot\" value=\"\" tabindex=\"-1\" autocomplete=\"off\" \/><\/label><input type=\"hidden\" name=\"_mc4wp_timestamp\" value=\"1777979420\" \/><input type=\"hidden\" name=\"_mc4wp_form_id\" value=\"824\" \/><input type=\"hidden\" name=\"_mc4wp_form_element_id\" value=\"mc4wp-form-1\" \/><\/form><!-- \/ Mailchimp for WordPress Plugin -->[\/vc_column_text][\/vc_column_inner][vc_column_inner width=&#8221;1\/4&#8243;][\/vc_column_inner][\/vc_row_inner][vc_empty_space height=&#8221;160px&#8221; el_class=&#8221;e-footer&#8221;][\/vc_column][\/vc_row]<\/p>\n<\/div>","protected":false},"excerpt":{"rendered":"<p>[vc_row css_animation=&#8221;&#8221; row_type=&#8221;row&#8221; use_row_as_full_screen_section=&#8221;no&#8221; type=&#8221;full_width&#8221; angled_section=&#8221;no&#8221; text_align=&#8221;left&#8221; background_image_as_pattern=&#8221;without_pattern&#8221; z_index=&#8221;&#8221;][vc_column][vc_single_image image=&#8221;198&#8243; img_size=&#8221;full&#8221; qode_css_animation=&#8221;&#8221;][\/vc_column][\/vc_row][vc_row css_animation=&#8221;&#8221; row_type=&#8221;row&#8221; use_row_as_full_screen_section=&#8221;no&#8221; type=&#8221;full_width&#8221; angled_section=&#8221;no&#8221; text_align=&#8221;left&#8221; background_image_as_pattern=&#8221;without_pattern&#8221; z_index=&#8221;&#8221; el_class=&#8221;top&#8221; el_id=&#8221;riga-prod&#8221;][vc_column][vc_row_inner row_type=&#8221;row&#8221; type=&#8221;grid&#8221; text_align=&#8221;left&#8221; css_animation=&#8221;&#8221;][vc_column_inner][vc_column_text] ACCESSORI PER MACCHINE UTENSILI [\/vc_column_text][vc_empty_space height=&#8221;50px&#8221;][vc_column_text]Il costante contatto con le problematiche delle lavorazioni meccaniche, unito alla nostra esperienza nella&#8230;<\/p>\n","protected":false},"author":2,"featured_media":0,"parent":31,"menu_order":0,"comment_status":"closed","ping_status":"closed","template":"full_width.php","meta":{"inline_featured_image":false,"footnotes":""},"class_list":["post-1133","page","type-page","status-publish","hentry"],"yoast_head":"<!-- This site is optimized with the Yoast SEO plugin v27.5 - https:\/\/yoast.com\/product\/yoast-seo-wordpress\/ -->\n<title>Accessori per macchine utensili - VF Facci<\/title>\n<meta name=\"robots\" content=\"index, follow, max-snippet:-1, max-image-preview:large, max-video-preview:-1\" \/>\n<link rel=\"canonical\" href=\"https:\/\/www.vf-facci.it\/it\/prodotti\/accessori-per-macchine-utensili\/\" \/>\n<meta property=\"og:locale\" content=\"it_IT\" \/>\n<meta property=\"og:type\" content=\"article\" \/>\n<meta property=\"og:title\" content=\"Accessori per macchine utensili - VF Facci\" \/>\n<meta property=\"og:description\" content=\"[vc_row css_animation=&#8221;&#8221; row_type=&#8221;row&#8221; use_row_as_full_screen_section=&#8221;no&#8221; type=&#8221;full_width&#8221; angled_section=&#8221;no&#8221; text_align=&#8221;left&#8221; background_image_as_pattern=&#8221;without_pattern&#8221; z_index=&#8221;&#8221;][vc_column][vc_single_image image=&#8221;198&#8243; img_size=&#8221;full&#8221; qode_css_animation=&#8221;&#8221;][\/vc_column][\/vc_row][vc_row css_animation=&#8221;&#8221; row_type=&#8221;row&#8221; use_row_as_full_screen_section=&#8221;no&#8221; type=&#8221;full_width&#8221; angled_section=&#8221;no&#8221; text_align=&#8221;left&#8221; background_image_as_pattern=&#8221;without_pattern&#8221; z_index=&#8221;&#8221; el_class=&#8221;top&#8221; el_id=&#8221;riga-prod&#8221;][vc_column][vc_row_inner row_type=&#8221;row&#8221; type=&#8221;grid&#8221; text_align=&#8221;left&#8221; css_animation=&#8221;&#8221;][vc_column_inner][vc_column_text] ACCESSORI PER MACCHINE UTENSILI [\/vc_column_text][vc_empty_space height=&#8221;50px&#8221;][vc_column_text]Il costante contatto con le problematiche delle lavorazioni meccaniche, unito alla nostra esperienza nella...\" \/>\n<meta property=\"og:url\" content=\"https:\/\/www.vf-facci.it\/it\/prodotti\/accessori-per-macchine-utensili\/\" \/>\n<meta property=\"og:site_name\" content=\"VF Facci\" \/>\n<meta property=\"article:modified_time\" content=\"2019-04-09T09:45:09+00:00\" \/>\n<meta name=\"twitter:card\" content=\"summary_large_image\" \/>\n<meta name=\"twitter:label1\" content=\"Tempo di lettura stimato\" \/>\n\t<meta name=\"twitter:data1\" content=\"4 minuti\" \/>\n<script type=\"application\/ld+json\" class=\"yoast-schema-graph\">{\"@context\":\"https:\\\/\\\/schema.org\",\"@graph\":[{\"@type\":\"WebPage\",\"@id\":\"https:\\\/\\\/www.vf-facci.it\\\/it\\\/prodotti\\\/accessori-per-macchine-utensili\\\/\",\"url\":\"https:\\\/\\\/www.vf-facci.it\\\/it\\\/prodotti\\\/accessori-per-macchine-utensili\\\/\",\"name\":\"Accessori per macchine utensili - VF Facci\",\"isPartOf\":{\"@id\":\"https:\\\/\\\/www.vf-facci.it\\\/it\\\/#website\"},\"datePublished\":\"2018-05-29T13:51:06+00:00\",\"dateModified\":\"2019-04-09T09:45:09+00:00\",\"breadcrumb\":{\"@id\":\"https:\\\/\\\/www.vf-facci.it\\\/it\\\/prodotti\\\/accessori-per-macchine-utensili\\\/#breadcrumb\"},\"inLanguage\":\"it-IT\",\"potentialAction\":[{\"@type\":\"ReadAction\",\"target\":[\"https:\\\/\\\/www.vf-facci.it\\\/it\\\/prodotti\\\/accessori-per-macchine-utensili\\\/\"]}]},{\"@type\":\"BreadcrumbList\",\"@id\":\"https:\\\/\\\/www.vf-facci.it\\\/it\\\/prodotti\\\/accessori-per-macchine-utensili\\\/#breadcrumb\",\"itemListElement\":[{\"@type\":\"ListItem\",\"position\":1,\"name\":\"Home\",\"item\":\"https:\\\/\\\/www.vf-facci.it\\\/it\\\/\"},{\"@type\":\"ListItem\",\"position\":2,\"name\":\"Prodotti\",\"item\":\"https:\\\/\\\/www.vf-facci.it\\\/it\\\/prodotti\\\/\"},{\"@type\":\"ListItem\",\"position\":3,\"name\":\"Accessori per macchine utensili\"}]},{\"@type\":\"WebSite\",\"@id\":\"https:\\\/\\\/www.vf-facci.it\\\/it\\\/#website\",\"url\":\"https:\\\/\\\/www.vf-facci.it\\\/it\\\/\",\"name\":\"VF Facci\",\"description\":\"ATTREZZATURE PER MACCHINE UTENSILI, AUTOMAZIONI\",\"potentialAction\":[{\"@type\":\"SearchAction\",\"target\":{\"@type\":\"EntryPoint\",\"urlTemplate\":\"https:\\\/\\\/www.vf-facci.it\\\/it\\\/?s={search_term_string}\"},\"query-input\":{\"@type\":\"PropertyValueSpecification\",\"valueRequired\":true,\"valueName\":\"search_term_string\"}}],\"inLanguage\":\"it-IT\"}]}<\/script>\n<!-- \/ Yoast SEO plugin. -->","yoast_head_json":{"title":"Accessori per macchine utensili - VF Facci","robots":{"index":"index","follow":"follow","max-snippet":"max-snippet:-1","max-image-preview":"max-image-preview:large","max-video-preview":"max-video-preview:-1"},"canonical":"https:\/\/www.vf-facci.it\/it\/prodotti\/accessori-per-macchine-utensili\/","og_locale":"it_IT","og_type":"article","og_title":"Accessori per macchine utensili - VF Facci","og_description":"[vc_row css_animation=&#8221;&#8221; row_type=&#8221;row&#8221; use_row_as_full_screen_section=&#8221;no&#8221; type=&#8221;full_width&#8221; angled_section=&#8221;no&#8221; text_align=&#8221;left&#8221; background_image_as_pattern=&#8221;without_pattern&#8221; z_index=&#8221;&#8221;][vc_column][vc_single_image image=&#8221;198&#8243; img_size=&#8221;full&#8221; qode_css_animation=&#8221;&#8221;][\/vc_column][\/vc_row][vc_row css_animation=&#8221;&#8221; row_type=&#8221;row&#8221; use_row_as_full_screen_section=&#8221;no&#8221; type=&#8221;full_width&#8221; angled_section=&#8221;no&#8221; text_align=&#8221;left&#8221; background_image_as_pattern=&#8221;without_pattern&#8221; z_index=&#8221;&#8221; el_class=&#8221;top&#8221; el_id=&#8221;riga-prod&#8221;][vc_column][vc_row_inner row_type=&#8221;row&#8221; type=&#8221;grid&#8221; text_align=&#8221;left&#8221; css_animation=&#8221;&#8221;][vc_column_inner][vc_column_text] ACCESSORI PER MACCHINE UTENSILI [\/vc_column_text][vc_empty_space height=&#8221;50px&#8221;][vc_column_text]Il costante contatto con le problematiche delle lavorazioni meccaniche, unito alla nostra esperienza nella...","og_url":"https:\/\/www.vf-facci.it\/it\/prodotti\/accessori-per-macchine-utensili\/","og_site_name":"VF Facci","article_modified_time":"2019-04-09T09:45:09+00:00","twitter_card":"summary_large_image","twitter_misc":{"Tempo di lettura stimato":"4 minuti"},"schema":{"@context":"https:\/\/schema.org","@graph":[{"@type":"WebPage","@id":"https:\/\/www.vf-facci.it\/it\/prodotti\/accessori-per-macchine-utensili\/","url":"https:\/\/www.vf-facci.it\/it\/prodotti\/accessori-per-macchine-utensili\/","name":"Accessori per macchine utensili - VF Facci","isPartOf":{"@id":"https:\/\/www.vf-facci.it\/it\/#website"},"datePublished":"2018-05-29T13:51:06+00:00","dateModified":"2019-04-09T09:45:09+00:00","breadcrumb":{"@id":"https:\/\/www.vf-facci.it\/it\/prodotti\/accessori-per-macchine-utensili\/#breadcrumb"},"inLanguage":"it-IT","potentialAction":[{"@type":"ReadAction","target":["https:\/\/www.vf-facci.it\/it\/prodotti\/accessori-per-macchine-utensili\/"]}]},{"@type":"BreadcrumbList","@id":"https:\/\/www.vf-facci.it\/it\/prodotti\/accessori-per-macchine-utensili\/#breadcrumb","itemListElement":[{"@type":"ListItem","position":1,"name":"Home","item":"https:\/\/www.vf-facci.it\/it\/"},{"@type":"ListItem","position":2,"name":"Prodotti","item":"https:\/\/www.vf-facci.it\/it\/prodotti\/"},{"@type":"ListItem","position":3,"name":"Accessori per macchine utensili"}]},{"@type":"WebSite","@id":"https:\/\/www.vf-facci.it\/it\/#website","url":"https:\/\/www.vf-facci.it\/it\/","name":"VF Facci","description":"ATTREZZATURE PER MACCHINE UTENSILI, AUTOMAZIONI","potentialAction":[{"@type":"SearchAction","target":{"@type":"EntryPoint","urlTemplate":"https:\/\/www.vf-facci.it\/it\/?s={search_term_string}"},"query-input":{"@type":"PropertyValueSpecification","valueRequired":true,"valueName":"search_term_string"}}],"inLanguage":"it-IT"}]}},"_links":{"self":[{"href":"https:\/\/www.vf-facci.it\/it\/wp-json\/wp\/v2\/pages\/1133","targetHints":{"allow":["GET"]}}],"collection":[{"href":"https:\/\/www.vf-facci.it\/it\/wp-json\/wp\/v2\/pages"}],"about":[{"href":"https:\/\/www.vf-facci.it\/it\/wp-json\/wp\/v2\/types\/page"}],"author":[{"embeddable":true,"href":"https:\/\/www.vf-facci.it\/it\/wp-json\/wp\/v2\/users\/2"}],"replies":[{"embeddable":true,"href":"https:\/\/www.vf-facci.it\/it\/wp-json\/wp\/v2\/comments?post=1133"}],"version-history":[{"count":0,"href":"https:\/\/www.vf-facci.it\/it\/wp-json\/wp\/v2\/pages\/1133\/revisions"}],"up":[{"embeddable":true,"href":"https:\/\/www.vf-facci.it\/it\/wp-json\/wp\/v2\/pages\/31"}],"wp:attachment":[{"href":"https:\/\/www.vf-facci.it\/it\/wp-json\/wp\/v2\/media?parent=1133"}],"curies":[{"name":"wp","href":"https:\/\/api.w.org\/{rel}","templated":true}]}}