{"id":1146,"date":"2018-05-29T16:04:40","date_gmt":"2018-05-29T14:04:40","guid":{"rendered":"http:\/\/www.vf-facci.it\/?page_id=1146"},"modified":"2018-05-29T16:35:36","modified_gmt":"2018-05-29T14:35:36","slug":"morse-e-divisori","status":"publish","type":"page","link":"https:\/\/www.vf-facci.it\/it\/prodotti\/accessori-per-macchine-utensili\/morse-e-divisori\/","title":{"rendered":"Morse e divisori"},"content":{"rendered":"<div class=\"wpb-content-wrapper\"><p>[vc_row css_animation=&#8221;&#8221; row_type=&#8221;row&#8221; use_row_as_full_screen_section=&#8221;no&#8221; type=&#8221;full_width&#8221; angled_section=&#8221;no&#8221; text_align=&#8221;left&#8221; background_image_as_pattern=&#8221;without_pattern&#8221; background_color=&#8221;#ffffff&#8221; z_index=&#8221;&#8221; el_class=&#8221;top100&#8243;][vc_column][vc_row_inner row_type=&#8221;row&#8221; type=&#8221;grid&#8221; text_align=&#8221;left&#8221; css_animation=&#8221;&#8221;][vc_column_inner width=&#8221;7\/12&#8243;][vc_empty_space height=&#8221;120px&#8221;][vc_single_image image=&#8221;1135&#8243; img_size=&#8221;full&#8221; alignment=&#8221;center&#8221; qode_css_animation=&#8221;&#8221;][\/vc_column_inner][vc_column_inner width=&#8221;5\/12&#8243; css=&#8221;.vc_custom_1523978618005{background-color: #cf4343 !important;}&#8221;][vc_empty_space height=&#8221;90px&#8221;][vc_column_text el_class=&#8221;white&#8221;]<\/p>\n<h1>MORSE MONOBLOCCO<\/h1>\n<p>[\/vc_column_text][vc_separator type=&#8221;small&#8221; position=&#8221;left&#8221; color=&#8221;#ffffff&#8221; width=&#8221;50&#8243; up=&#8221;20&#8243; down=&#8221;20&#8243;][vc_column_text el_class=&#8221;white&#8221;]Alta precisione, rigidit\u00e0 e compattezza per centri di lavoro,rettifiche e fresatrici.[\/vc_column_text][vc_empty_space height=&#8221;40px&#8221;][vc_column_text el_class=&#8221;white&#8221;]\u2022 Grande stabilit\u00e0 e precisione nella lavorazione a sbalzo!<br \/>\n\u2022 Lavorazione su 3 facce con ganasce strette, unico piazzamento.<br \/>\n\u2022 Grande apertura, rispetto alla lunghezza della morsa, con ganasce esterne.[\/vc_column_text][vc_empty_space height=&#8221;90px&#8221;][\/vc_column_inner][\/vc_row_inner][\/vc_column][\/vc_row][vc_row css_animation=&#8221;&#8221; row_type=&#8221;row&#8221; use_row_as_full_screen_section=&#8221;no&#8221; type=&#8221;full_width&#8221; angled_section=&#8221;no&#8221; text_align=&#8221;left&#8221; background_image_as_pattern=&#8221;without_pattern&#8221;][vc_column el_class=&#8221;border-bottom&#8221;][vc_single_image image=&#8221;340&#8243; img_size=&#8221;full&#8221; qode_css_animation=&#8221;&#8221;][\/vc_column][\/vc_row][vc_row css_animation=&#8221;&#8221; row_type=&#8221;row&#8221; use_row_as_full_screen_section=&#8221;no&#8221; type=&#8221;grid&#8221; angled_section=&#8221;no&#8221; text_align=&#8221;left&#8221; background_image_as_pattern=&#8221;without_pattern&#8221; z_index=&#8221;&#8221;][vc_column][vc_column_text]Forma geometrica pulita, ortoganalit\u00e0 perfette (assenze di ingombri morti), VF presenta la MORSA MONOBLOCCO NC 140 K.<br \/>\nLe misure H, H1, H2 B e C sono in tolleranza +0,0 -0,02, ci\u00f2 consente l&#8217;uso di batterie di morse acquistate anche in tempi diversi.<\/p>\n<p>&nbsp;<\/p>\n<p>Il corpo morsa ricavato dal pieno da un blocco di acciaio legato 18 NCds* cementato temprato ed interamente rettificato (concetto costruttivo finora applicato soltanto per morse manuali di piccole dimensioni da rettifica e sale di controllo) assicura rigidit\u00e0 e durata della precisione nel tempo.[\/vc_column_text][vc_empty_space height=&#8221;40px&#8221;][\/vc_column][\/vc_row][vc_row css_animation=&#8221;&#8221; row_type=&#8221;row&#8221; use_row_as_full_screen_section=&#8221;no&#8221; type=&#8221;full_width&#8221; angled_section=&#8221;no&#8221; text_align=&#8221;left&#8221; background_image_as_pattern=&#8221;without_pattern&#8221; background_color=&#8221;#ffffff&#8221; z_index=&#8221;&#8221;][vc_column][vc_empty_space height=&#8221;40px&#8221;][vc_row_inner row_type=&#8221;row&#8221; type=&#8221;grid&#8221; text_align=&#8221;left&#8221; css_animation=&#8221;&#8221;][vc_column_inner width=&#8221;1\/2&#8243;][vc_column_text]<\/p>\n<h2 style=\"text-align: center;\">CARATTERISTICHE E SPECIFICHE<\/h2>\n<p>[\/vc_column_text][vc_empty_space height=&#8221;40px&#8221;]<div class=\"image_with_text\"><img decoding=\"async\" itemprop=\"image\" src=\"https:\/\/www.vf-facci.it\/wp-content\/uploads\/2018\/05\/morsa_dt01.jpg\" alt=\"\" \/><h3 ><\/h3><span style=\"margin: 6px 0px;\" class=\"separator transparent\"><\/span><b>Doppia vite dx\/sx pi\u00f9 madre vite a doppio sistema telescopico (brevettata).<\/b><\/p>\n<p>Consentono la spinta della ganascia mobile per l&#8217;intera corsa con una sporgenza minima della vite (55 mm per NC 140 K) alla massima apertura.<\/div>[vc_empty_space height=&#8221;10px&#8221;]<div class=\"image_with_text\"><img decoding=\"async\" itemprop=\"image\" src=\"https:\/\/www.vf-facci.it\/wp-content\/uploads\/2018\/05\/morsa_dt02.jpg\" alt=\"\" \/><h3 ><\/h3><span style=\"margin: 6px 0px;\" class=\"separator transparent\"><\/span><b>Presa minima 2-3 mm.<\/b><\/p>\n<p>Assenza di sollevamento della ganascia mobile.<br \/>\nGrande tenuta con presa minima (2-3mm).<br \/>\nCompleto assortimento di spessori magnetici.<\/div>[vc_empty_space height=&#8221;10px&#8221;]<div class=\"image_with_text\"><img decoding=\"async\" itemprop=\"image\" src=\"https:\/\/www.vf-facci.it\/wp-content\/uploads\/2018\/05\/morsa_dt03.jpg\" alt=\"\" \/><h3 ><\/h3><span style=\"margin: 6px 0px;\" class=\"separator transparent\"><\/span><b>Ganasce alte esterne.<\/b><\/p>\n<p>Viti di forza M14 per l&#8217;applicazione di ganasce alte esterne, ganasce strette e attrezzature specifiche.<\/div>[vc_empty_space height=&#8221;10px&#8221;]<div class=\"image_with_text\"><img decoding=\"async\" itemprop=\"image\" src=\"https:\/\/www.vf-facci.it\/wp-content\/uploads\/2018\/05\/morsa_dt04.jpg\" alt=\"\" \/><h3 ><\/h3><span style=\"margin: 6px 0px;\" class=\"separator transparent\"><\/span><b>Protezione rimovibile.<\/b><\/p>\n<p>Protezione rimovibile a 2 posizioni.<br \/>\nProtegge il sistema di serraggio da polveri e materiale residuo di lavorazione.<\/div>[\/vc_column_inner][vc_column_inner width=&#8221;1\/2&#8243;][vc_empty_space height=&#8221;50px&#8221;][vc_empty_space height=&#8221;10px&#8221;]<div class=\"image_with_text\"><img decoding=\"async\" itemprop=\"image\" src=\"https:\/\/www.vf-facci.it\/wp-content\/uploads\/2018\/05\/morsa_dt05.jpg\" alt=\"\" \/><h3 ><\/h3><span style=\"margin: 6px 0px;\" class=\"separator transparent\"><\/span><b>Estensione campo di apertura.<\/b><\/p>\n<p>Mediante ganasce esterne \u00e8 possibile estendere il campo di apertura.<\/p>\n<p>Aumento dell&#8217;Altezza di presa con le medesime ganasce posizionate all&#8217;interno.<\/p>\n<p><b>Spessore ganasce 25mm<\/b><br \/>\n(+0,0 \/ -0,01)<\/div>[vc_empty_space height=&#8221;10px&#8221;]<div class=\"image_with_text\"><img decoding=\"async\" itemprop=\"image\" src=\"https:\/\/www.vf-facci.it\/wp-content\/uploads\/2018\/05\/morsa_dt06.jpg\" alt=\"\" \/><h3 ><\/h3><span style=\"margin: 6px 0px;\" class=\"separator transparent\"><\/span><b>Utilizzo Idraulico e\/o manuale.<\/b><\/p>\n<p>Possibilit\u00e0 di uso indifferentemente idraulico e\/o manuale.<br \/>\n<b>Innovativa connessione idraulica mediante tubo ad alta pressione \u00d8 6 mm<\/b>, con raccordo rapido (connessione rapidamente scollegabile).<br \/>\nNiente pi\u00f9 grovigli e ingombri sul banco.<\/p>\n<p><b>Gamma di tre unit\u00e0 di pressione agenti su un unico circuito:<br \/>\n&#8211;<\/b>\u00a0Moltiplicatori a pompata singola;<br \/>\n<b>&#8211;<\/b>\u00a0Centralina pneumo\/idraulica multipla brevettata, di piccole dimensioni viaggiante su banco per batteria di morse (massimo 3 unit\u00e0);<br \/>\n<b>&#8211;<\/b>\u00a0Unit\u00e0 di moltiplicazione meccanico\/idraulica.<\/div>[\/vc_column_inner][\/vc_row_inner][vc_empty_space height=&#8221;40px&#8221;][vc_row_inner row_type=&#8221;row&#8221; type=&#8221;grid&#8221; text_align=&#8221;left&#8221; css_animation=&#8221;&#8221;][vc_column_inner][vc_column_text]<\/p>\n<h2 style=\"text-align: center;\">STAFFAGGIO<\/h2>\n<p>[\/vc_column_text][vc_empty_space height=&#8221;40px&#8221;][vc_column_text]Possibilit\u00e0 di STAFFAGGIO in ORIZZONTALE e IMPIEGO LATERALE SU RETTIFICA. [\/vc_column_text][vc_empty_space height=&#8221;10px&#8221;][\/vc_column_inner][\/vc_row_inner][vc_row_inner row_type=&#8221;row&#8221; type=&#8221;grid&#8221; text_align=&#8221;left&#8221; css_animation=&#8221;&#8221;][vc_column_inner width=&#8221;1\/2&#8243;][vc_single_image image=&#8221;1187&#8243; img_size=&#8221;full&#8221; qode_css_animation=&#8221;&#8221;][\/vc_column_inner][vc_column_inner width=&#8221;1\/2&#8243;][vc_single_image image=&#8221;1199&#8243; img_size=&#8221;full&#8221; qode_css_animation=&#8221;&#8221;][\/vc_column_inner][\/vc_row_inner][vc_empty_space height=&#8221;40px&#8221;][\/vc_column][\/vc_row][vc_row css_animation=&#8221;&#8221; row_type=&#8221;row&#8221; use_row_as_full_screen_section=&#8221;no&#8221; type=&#8221;full_width&#8221; angled_section=&#8221;no&#8221; text_align=&#8221;left&#8221; background_image_as_pattern=&#8221;without_pattern&#8221; z_index=&#8221;&#8221;][vc_column][vc_single_image image=&#8221;110&#8243; img_size=&#8221;full&#8221; alignment=&#8221;center&#8221; qode_css_animation=&#8221;&#8221; el_class=&#8221;img-top&#8221;][vc_row_inner row_type=&#8221;row&#8221; type=&#8221;full_width&#8221; text_align=&#8221;left&#8221; css_animation=&#8221;&#8221; el_class=&#8221;clip-grigia &#8220;][vc_column_inner][vc_empty_space height=&#8221;180px&#8221;][\/vc_column_inner][\/vc_row_inner][vc_row_inner row_type=&#8221;row&#8221; type=&#8221;grid&#8221; text_align=&#8221;left&#8221; background_color=&#8221;#323232&#8243; css_animation=&#8221;&#8221;][vc_column_inner][vc_column_text]<\/p>\n<h1 style=\"text-align: center; color: #fff !important;\">NEWSLETTER<\/h1>\n<p>[\/vc_column_text][vc_empty_space height=&#8221;20px&#8221;][vc_column_text]<\/p>\n<p style=\"text-align: center; color: #fff !important;\">Iscriviti per rimanere informato<\/p>\n<p>[\/vc_column_text][vc_empty_space height=&#8221;40px&#8221;][\/vc_column_inner][\/vc_row_inner][vc_row_inner row_type=&#8221;row&#8221; type=&#8221;grid&#8221; text_align=&#8221;left&#8221; background_color=&#8221;#323232&#8243; css_animation=&#8221;&#8221;][vc_column_inner width=&#8221;1\/4&#8243;][\/vc_column_inner][vc_column_inner width=&#8221;1\/2&#8243;][vc_column_text]<script>(function() {\n\twindow.mc4wp = window.mc4wp || {\n\t\tlisteners: [],\n\t\tforms: {\n\t\t\ton: function(evt, cb) {\n\t\t\t\twindow.mc4wp.listeners.push(\n\t\t\t\t\t{\n\t\t\t\t\t\tevent   : evt,\n\t\t\t\t\t\tcallback: cb\n\t\t\t\t\t}\n\t\t\t\t);\n\t\t\t}\n\t\t}\n\t}\n})();\n<\/script><!-- Mailchimp for WordPress v4.12.3 - https:\/\/wordpress.org\/plugins\/mailchimp-for-wp\/ --><form id=\"mc4wp-form-1\" class=\"mc4wp-form mc4wp-form-824\" method=\"post\" data-id=\"824\" data-name=\"newsletter\" ><div class=\"mc4wp-form-fields\"><p>\r\n  <span class=\"alignleft\"><img decoding=\"async\" src=\"\/wp-content\/uploads\/2018\/03\/email.png\" style=\"float: left;\">\r\n    \r\n    <input type=\"email\" name=\"EMAIL\" placeholder=\"Enter your e-mail\" required \/><\/span>\r\n  <span class=\"alignright\">\t <\/span> \r\n<\/p>\r\n\r\n<p style=\"display:block;\">\r\n  <span class=\"alignleft\" style=\"clear:both;\">\r\n    <span style=\"color:#fff; font-size:13px;line-height:15px;display:block\">Informativa ai sensi degli artt. 13 e 14 del GDPR UE 2016\/679 e alla normativa nazionale vigente. I dati conferiti con la compilazione del presente modulo saranno oggetto di trattamento cartaceo ed informatizzato. I suoi dati saranno utilizzati esclusivamente per poter rispondere alla Sua richiesta. Il conferimento dei dati e il consenso al trattamento \u00e8 obbligatorio, la sua mancanza comporter\u00e0 l\u2019impossibilit\u00e0 di dare esecuzione alla prestazione. e commerciale. Titolare del trattamento \u00e8 VF S.r.l.a cui potr\u00e0 rivolgersi per l\u2019esercizio dei diritti di cui agli artt. 15-22 Reg.to UE 2016\/679. Per la visione dell\u2019informativa completa si rimanda a questo link: www.vf-facci.it\/it\/privacy. \r\n\r\nDichiaro di aver letto e compreso l'informativa di cui agli artt. 13 e 14 del GDPR UE 2016\/679 e alla normativa nazionale vigente e autorizzo il trattamento dei miei dati personali (ai sensi dell\u2019art. 7 del GDPR 2016\/679 e della normativa nazionale vigente).<\/span><\/span>\r\n<\/p>\r\n<p style=\"display:block; width:100%; clear:both;\">\r\n  <input name=\"_mc4wp_action\" type=\"checkbox\" value=\"subscribe\" required=\"\"> <span style=\"color:#fff\">Do il consenso\r\n<\/span><\/p>\r\n<input type=\"submit\" value=\"SUBMIT\" \/>\r\n<div class=\"mc4wp-response\"><\/div><\/div><label style=\"display: none !important;\">Lascia questo campo vuoto se sei umano: <input type=\"text\" name=\"_mc4wp_honeypot\" value=\"\" tabindex=\"-1\" autocomplete=\"off\" \/><\/label><input type=\"hidden\" name=\"_mc4wp_timestamp\" value=\"1778157155\" \/><input type=\"hidden\" name=\"_mc4wp_form_id\" value=\"824\" \/><input type=\"hidden\" name=\"_mc4wp_form_element_id\" value=\"mc4wp-form-1\" \/><\/form><!-- \/ Mailchimp for WordPress Plugin -->[\/vc_column_text][\/vc_column_inner][vc_column_inner width=&#8221;1\/4&#8243;][\/vc_column_inner][\/vc_row_inner][vc_empty_space height=&#8221;80px&#8221; el_class=&#8221;e-footer&#8221;][\/vc_column][\/vc_row]<\/p>\n<\/div>","protected":false},"excerpt":{"rendered":"<p>[vc_row css_animation=&#8221;&#8221; row_type=&#8221;row&#8221; use_row_as_full_screen_section=&#8221;no&#8221; type=&#8221;full_width&#8221; angled_section=&#8221;no&#8221; text_align=&#8221;left&#8221; background_image_as_pattern=&#8221;without_pattern&#8221; background_color=&#8221;#ffffff&#8221; z_index=&#8221;&#8221; el_class=&#8221;top100&#8243;][vc_column][vc_row_inner row_type=&#8221;row&#8221; type=&#8221;grid&#8221; text_align=&#8221;left&#8221; css_animation=&#8221;&#8221;][vc_column_inner width=&#8221;7\/12&#8243;][vc_empty_space height=&#8221;120px&#8221;][vc_single_image image=&#8221;1135&#8243; img_size=&#8221;full&#8221; alignment=&#8221;center&#8221; qode_css_animation=&#8221;&#8221;][\/vc_column_inner][vc_column_inner width=&#8221;5\/12&#8243; css=&#8221;.vc_custom_1523978618005{background-color: #cf4343 !important;}&#8221;][vc_empty_space height=&#8221;90px&#8221;][vc_column_text el_class=&#8221;white&#8221;] MORSE MONOBLOCCO [\/vc_column_text][vc_separator type=&#8221;small&#8221; position=&#8221;left&#8221; color=&#8221;#ffffff&#8221; width=&#8221;50&#8243; up=&#8221;20&#8243; down=&#8221;20&#8243;][vc_column_text el_class=&#8221;white&#8221;]Alta precisione, rigidit\u00e0 e compattezza per centri di lavoro,rettifiche&#8230;<\/p>\n","protected":false},"author":2,"featured_media":0,"parent":1133,"menu_order":0,"comment_status":"closed","ping_status":"closed","template":"full_width.php","meta":{"inline_featured_image":false,"footnotes":""},"class_list":["post-1146","page","type-page","status-publish","hentry"],"yoast_head":"<!-- This site is optimized with the Yoast SEO plugin v27.5 - https:\/\/yoast.com\/product\/yoast-seo-wordpress\/ -->\n<title>Morse e divisori - VF Facci<\/title>\n<meta name=\"robots\" content=\"index, follow, max-snippet:-1, max-image-preview:large, max-video-preview:-1\" \/>\n<link rel=\"canonical\" href=\"https:\/\/www.vf-facci.it\/it\/prodotti\/accessori-per-macchine-utensili\/morse-e-divisori\/\" \/>\n<meta property=\"og:locale\" content=\"it_IT\" \/>\n<meta property=\"og:type\" content=\"article\" \/>\n<meta property=\"og:title\" content=\"Morse e divisori - VF Facci\" \/>\n<meta property=\"og:description\" content=\"[vc_row css_animation=&#8221;&#8221; row_type=&#8221;row&#8221; use_row_as_full_screen_section=&#8221;no&#8221; type=&#8221;full_width&#8221; angled_section=&#8221;no&#8221; text_align=&#8221;left&#8221; background_image_as_pattern=&#8221;without_pattern&#8221; background_color=&#8221;#ffffff&#8221; z_index=&#8221;&#8221; el_class=&#8221;top100&#8243;][vc_column][vc_row_inner row_type=&#8221;row&#8221; type=&#8221;grid&#8221; text_align=&#8221;left&#8221; css_animation=&#8221;&#8221;][vc_column_inner width=&#8221;7\/12&#8243;][vc_empty_space height=&#8221;120px&#8221;][vc_single_image image=&#8221;1135&#8243; img_size=&#8221;full&#8221; alignment=&#8221;center&#8221; qode_css_animation=&#8221;&#8221;][\/vc_column_inner][vc_column_inner width=&#8221;5\/12&#8243; css=&#8221;.vc_custom_1523978618005{background-color: #cf4343 !important;}&#8221;][vc_empty_space height=&#8221;90px&#8221;][vc_column_text el_class=&#8221;white&#8221;] MORSE MONOBLOCCO [\/vc_column_text][vc_separator type=&#8221;small&#8221; position=&#8221;left&#8221; color=&#8221;#ffffff&#8221; width=&#8221;50&#8243; up=&#8221;20&#8243; down=&#8221;20&#8243;][vc_column_text el_class=&#8221;white&#8221;]Alta precisione, rigidit\u00e0 e compattezza per centri di lavoro,rettifiche...\" \/>\n<meta property=\"og:url\" content=\"https:\/\/www.vf-facci.it\/it\/prodotti\/accessori-per-macchine-utensili\/morse-e-divisori\/\" \/>\n<meta property=\"og:site_name\" content=\"VF Facci\" \/>\n<meta property=\"article:modified_time\" content=\"2018-05-29T14:35:36+00:00\" \/>\n<meta name=\"twitter:card\" content=\"summary_large_image\" \/>\n<meta name=\"twitter:label1\" content=\"Tempo di lettura stimato\" \/>\n\t<meta name=\"twitter:data1\" content=\"5 minuti\" \/>\n<script type=\"application\/ld+json\" class=\"yoast-schema-graph\">{\"@context\":\"https:\\\/\\\/schema.org\",\"@graph\":[{\"@type\":\"WebPage\",\"@id\":\"https:\\\/\\\/www.vf-facci.it\\\/it\\\/prodotti\\\/accessori-per-macchine-utensili\\\/morse-e-divisori\\\/\",\"url\":\"https:\\\/\\\/www.vf-facci.it\\\/it\\\/prodotti\\\/accessori-per-macchine-utensili\\\/morse-e-divisori\\\/\",\"name\":\"Morse e divisori - VF Facci\",\"isPartOf\":{\"@id\":\"https:\\\/\\\/www.vf-facci.it\\\/it\\\/#website\"},\"datePublished\":\"2018-05-29T14:04:40+00:00\",\"dateModified\":\"2018-05-29T14:35:36+00:00\",\"breadcrumb\":{\"@id\":\"https:\\\/\\\/www.vf-facci.it\\\/it\\\/prodotti\\\/accessori-per-macchine-utensili\\\/morse-e-divisori\\\/#breadcrumb\"},\"inLanguage\":\"it-IT\",\"potentialAction\":[{\"@type\":\"ReadAction\",\"target\":[\"https:\\\/\\\/www.vf-facci.it\\\/it\\\/prodotti\\\/accessori-per-macchine-utensili\\\/morse-e-divisori\\\/\"]}]},{\"@type\":\"BreadcrumbList\",\"@id\":\"https:\\\/\\\/www.vf-facci.it\\\/it\\\/prodotti\\\/accessori-per-macchine-utensili\\\/morse-e-divisori\\\/#breadcrumb\",\"itemListElement\":[{\"@type\":\"ListItem\",\"position\":1,\"name\":\"Home\",\"item\":\"https:\\\/\\\/www.vf-facci.it\\\/it\\\/\"},{\"@type\":\"ListItem\",\"position\":2,\"name\":\"Prodotti\",\"item\":\"https:\\\/\\\/www.vf-facci.it\\\/it\\\/prodotti\\\/\"},{\"@type\":\"ListItem\",\"position\":3,\"name\":\"Accessori per macchine utensili\",\"item\":\"https:\\\/\\\/www.vf-facci.it\\\/it\\\/prodotti\\\/accessori-per-macchine-utensili\\\/\"},{\"@type\":\"ListItem\",\"position\":4,\"name\":\"Morse e divisori\"}]},{\"@type\":\"WebSite\",\"@id\":\"https:\\\/\\\/www.vf-facci.it\\\/it\\\/#website\",\"url\":\"https:\\\/\\\/www.vf-facci.it\\\/it\\\/\",\"name\":\"VF Facci\",\"description\":\"ATTREZZATURE PER MACCHINE UTENSILI, AUTOMAZIONI\",\"potentialAction\":[{\"@type\":\"SearchAction\",\"target\":{\"@type\":\"EntryPoint\",\"urlTemplate\":\"https:\\\/\\\/www.vf-facci.it\\\/it\\\/?s={search_term_string}\"},\"query-input\":{\"@type\":\"PropertyValueSpecification\",\"valueRequired\":true,\"valueName\":\"search_term_string\"}}],\"inLanguage\":\"it-IT\"}]}<\/script>\n<!-- \/ Yoast SEO plugin. -->","yoast_head_json":{"title":"Morse e divisori - VF Facci","robots":{"index":"index","follow":"follow","max-snippet":"max-snippet:-1","max-image-preview":"max-image-preview:large","max-video-preview":"max-video-preview:-1"},"canonical":"https:\/\/www.vf-facci.it\/it\/prodotti\/accessori-per-macchine-utensili\/morse-e-divisori\/","og_locale":"it_IT","og_type":"article","og_title":"Morse e divisori - VF Facci","og_description":"[vc_row css_animation=&#8221;&#8221; row_type=&#8221;row&#8221; use_row_as_full_screen_section=&#8221;no&#8221; type=&#8221;full_width&#8221; angled_section=&#8221;no&#8221; text_align=&#8221;left&#8221; background_image_as_pattern=&#8221;without_pattern&#8221; background_color=&#8221;#ffffff&#8221; z_index=&#8221;&#8221; el_class=&#8221;top100&#8243;][vc_column][vc_row_inner row_type=&#8221;row&#8221; type=&#8221;grid&#8221; text_align=&#8221;left&#8221; css_animation=&#8221;&#8221;][vc_column_inner width=&#8221;7\/12&#8243;][vc_empty_space height=&#8221;120px&#8221;][vc_single_image image=&#8221;1135&#8243; img_size=&#8221;full&#8221; alignment=&#8221;center&#8221; qode_css_animation=&#8221;&#8221;][\/vc_column_inner][vc_column_inner width=&#8221;5\/12&#8243; css=&#8221;.vc_custom_1523978618005{background-color: #cf4343 !important;}&#8221;][vc_empty_space height=&#8221;90px&#8221;][vc_column_text el_class=&#8221;white&#8221;] MORSE MONOBLOCCO [\/vc_column_text][vc_separator type=&#8221;small&#8221; position=&#8221;left&#8221; color=&#8221;#ffffff&#8221; width=&#8221;50&#8243; up=&#8221;20&#8243; down=&#8221;20&#8243;][vc_column_text el_class=&#8221;white&#8221;]Alta precisione, rigidit\u00e0 e compattezza per centri di lavoro,rettifiche...","og_url":"https:\/\/www.vf-facci.it\/it\/prodotti\/accessori-per-macchine-utensili\/morse-e-divisori\/","og_site_name":"VF Facci","article_modified_time":"2018-05-29T14:35:36+00:00","twitter_card":"summary_large_image","twitter_misc":{"Tempo di lettura stimato":"5 minuti"},"schema":{"@context":"https:\/\/schema.org","@graph":[{"@type":"WebPage","@id":"https:\/\/www.vf-facci.it\/it\/prodotti\/accessori-per-macchine-utensili\/morse-e-divisori\/","url":"https:\/\/www.vf-facci.it\/it\/prodotti\/accessori-per-macchine-utensili\/morse-e-divisori\/","name":"Morse e divisori - VF Facci","isPartOf":{"@id":"https:\/\/www.vf-facci.it\/it\/#website"},"datePublished":"2018-05-29T14:04:40+00:00","dateModified":"2018-05-29T14:35:36+00:00","breadcrumb":{"@id":"https:\/\/www.vf-facci.it\/it\/prodotti\/accessori-per-macchine-utensili\/morse-e-divisori\/#breadcrumb"},"inLanguage":"it-IT","potentialAction":[{"@type":"ReadAction","target":["https:\/\/www.vf-facci.it\/it\/prodotti\/accessori-per-macchine-utensili\/morse-e-divisori\/"]}]},{"@type":"BreadcrumbList","@id":"https:\/\/www.vf-facci.it\/it\/prodotti\/accessori-per-macchine-utensili\/morse-e-divisori\/#breadcrumb","itemListElement":[{"@type":"ListItem","position":1,"name":"Home","item":"https:\/\/www.vf-facci.it\/it\/"},{"@type":"ListItem","position":2,"name":"Prodotti","item":"https:\/\/www.vf-facci.it\/it\/prodotti\/"},{"@type":"ListItem","position":3,"name":"Accessori per macchine utensili","item":"https:\/\/www.vf-facci.it\/it\/prodotti\/accessori-per-macchine-utensili\/"},{"@type":"ListItem","position":4,"name":"Morse e divisori"}]},{"@type":"WebSite","@id":"https:\/\/www.vf-facci.it\/it\/#website","url":"https:\/\/www.vf-facci.it\/it\/","name":"VF Facci","description":"ATTREZZATURE PER MACCHINE UTENSILI, AUTOMAZIONI","potentialAction":[{"@type":"SearchAction","target":{"@type":"EntryPoint","urlTemplate":"https:\/\/www.vf-facci.it\/it\/?s={search_term_string}"},"query-input":{"@type":"PropertyValueSpecification","valueRequired":true,"valueName":"search_term_string"}}],"inLanguage":"it-IT"}]}},"_links":{"self":[{"href":"https:\/\/www.vf-facci.it\/it\/wp-json\/wp\/v2\/pages\/1146","targetHints":{"allow":["GET"]}}],"collection":[{"href":"https:\/\/www.vf-facci.it\/it\/wp-json\/wp\/v2\/pages"}],"about":[{"href":"https:\/\/www.vf-facci.it\/it\/wp-json\/wp\/v2\/types\/page"}],"author":[{"embeddable":true,"href":"https:\/\/www.vf-facci.it\/it\/wp-json\/wp\/v2\/users\/2"}],"replies":[{"embeddable":true,"href":"https:\/\/www.vf-facci.it\/it\/wp-json\/wp\/v2\/comments?post=1146"}],"version-history":[{"count":0,"href":"https:\/\/www.vf-facci.it\/it\/wp-json\/wp\/v2\/pages\/1146\/revisions"}],"up":[{"embeddable":true,"href":"https:\/\/www.vf-facci.it\/it\/wp-json\/wp\/v2\/pages\/1133"}],"wp:attachment":[{"href":"https:\/\/www.vf-facci.it\/it\/wp-json\/wp\/v2\/media?parent=1146"}],"curies":[{"name":"wp","href":"https:\/\/api.w.org\/{rel}","templated":true}]}}