{"id":1285,"date":"2019-04-08T14:09:25","date_gmt":"2019-04-08T12:09:25","guid":{"rendered":"https:\/\/www.vf-facci.it\/?page_id=1285"},"modified":"2019-04-09T11:48:06","modified_gmt":"2019-04-09T09:48:06","slug":"privacy","status":"publish","type":"page","link":"https:\/\/www.vf-facci.it\/it\/privacy\/","title":{"rendered":"Privacy"},"content":{"rendered":"<div class=\"wpb-content-wrapper\"><p>[vc_row css_animation=&#8221;&#8221; row_type=&#8221;row&#8221; use_row_as_full_screen_section=&#8221;no&#8221; type=&#8221;full_width&#8221; angled_section=&#8221;no&#8221; text_align=&#8221;left&#8221; background_image_as_pattern=&#8221;without_pattern&#8221; css=&#8221;.vc_custom_1554719599430{padding-bottom: 100px !important;}&#8221; z_index=&#8221;&#8221;][vc_column][vc_empty_space height=&#8221;150px&#8221;][vc_column_text]<strong>INFORMATIVA DELLA LEGGE SULLA PRIVACY<\/strong>[\/vc_column_text][vc_column_text css=&#8221;.vc_custom_1554725457044{padding-top: 30px !important;}&#8221;]In questa pagina si descrivono le modalit\u00e0 di gestione del sito in riferimento al trattamento dei dati personali degli utenti che lo consultano.<br \/>\nSi tratta di un&#8217;informativa che \u00e8 resa ai sensi degli artt. 13 e 14 del GDPR UE 2016\/679 e della normativa nazionale vigente, a coloro che interagiscono con i servizi web di VF S.r.l., accessibili per via telematica a partire dall&#8217;indirizzo:<br \/>\nwww.vf-facci.it<br \/>\ncorrispondente alla pagina iniziale del sito ufficiale di VF S.r.l..<br \/>\nL&#8217;informativa \u00e8 resa solo per il sito di VF S.r.l. e non anche per altri siti web eventualmente consultati dall&#8217;utente tramite link.<br \/>\nL&#8217;informativa si ispira anche alla Raccomandazione n. 2\/2001 che le autorit\u00e0 europee per la protezione dei dati personali, riunite nel Gruppo istituito dall&#8217;art. 29 della direttiva n. 95\/46\/CE, hanno adottato il 17 maggio 2001 per individuare alcuni requisiti minimi per la raccolta di dati personali on-line, e, in particolare, le modalit\u00e0, i tempi e la natura delle informazioni che i titolari del trattamento devono fornire agli utenti quando questi si collegano a pagine web, indipendentemente dagli scopi del collegamento.[\/vc_column_text][vc_column_text css=&#8221;.vc_custom_1554725505928{padding-top: 30px !important;}&#8221;]<strong>1. Il \u201cTitolare\u201d del trattamento<\/strong><br \/>\nA seguito della consultazione di questo sito possono essere trattati dati relativi a persone identificate o identificabili.<br \/>\nIl &#8220;titolare&#8221; del loro trattamento \u00e8 VF S.r.l., che ha sede in Via Torino 30 \u2013 36030 Caltrano (Vicenza) \u2013 Italy.[\/vc_column_text][vc_column_text css=&#8221;.vc_custom_1554803282251{padding-top: 30px !important;}&#8221;]<strong>3. Luogo di trattamento dei dati<\/strong><br \/>\nI trattamenti connessi ai servizi web di questo sito hanno luogo presso la predetta sede della Societ\u00e0 e sono curati solo da personale tecnico incaricato del trattamento.<br \/>\nNessun dato derivante dal servizio web viene comunicato o diffuso.<br \/>\nI dati personali forniti dagli utenti che inoltrano richieste di invio di materiale informativo (mailing list, newsletter, risposte a quesiti, ecc.) sono utilizzati al solo fine di eseguire il servizio o la prestazione richiesta e non sono comunicate a terzi.<br \/>\n[\/vc_column_text][vc_column_text css=&#8221;.vc_custom_1554725599618{padding-top: 30px !important;}&#8221;]<strong>4. Tipologia di dati trattati<\/strong>[\/vc_column_text][vc_column_text css=&#8221;.vc_custom_1554725640020{padding-top: 30px !important;}&#8221;]<strong>4.1 Dati di navigazione<\/strong><br \/>\nI sistemi informatici e le procedure software preposte al funzionamento di questo sito web acquisiscono, nel corso del loro normale esercizio, alcuni dati personali la cui trasmissione \u00e8 implicita nell&#8217;uso dei protocolli di comunicazione di Internet.<br \/>\nSi tratta di informazioni che non sono raccolte per essere associate a interessati identificati, ma che per loro stessa natura potrebbero, attraverso elaborazioni ed associazioni con dati detenuti da terzi, permettere di identificare gli utenti.<br \/>\nIn questa categoria di dati rientrano gli indirizzi IP o i nomi a dominio dei computer utilizzati dagli utenti che si connettono al sito, gli indirizzi in notazione URI (Uniform Resource Identifier) delle risorse richieste, l&#8217;orario della richiesta, il metodo utilizzato nel sottoporre la richiesta al server, la dimensione del file ottenuto in risposta, il codice numerico indicante lo stato della risposta data dal server (buon fine, errore, ecc.) ed altri parametri relativi al sistema operativo e all&#8217;ambiente informatico dell&#8217;utente.<br \/>\nQuesti dati vengono utilizzati al solo fine di ricavare informazioni statistiche anonime sull&#8217;uso del sito e per controllarne il corretto funzionamento e vengono cancellati immediatamente dopo l&#8217;elaborazione. I dati potrebbero essere utilizzati per l&#8217;accertamento di responsabilit\u00e0 in caso di ipotetici reati informatici ai danni del sito: salva questa eventualit\u00e0, allo stato i dati sui contatti web non persistono per pi\u00f9 di sette giorni.[\/vc_column_text][vc_column_text css=&#8221;.vc_custom_1554725678759{padding-top: 30px !important;}&#8221;]<strong>4.2 Dati forniti volontariamente dall&#8217;utente<\/strong><br \/>\nL\u2019invio facoltativo, esplicito e volontario di posta elettronica agli indirizzi indicati su questo sito, anche attraverso la compilazione di specifici form, comporta la successiva acquisizione dell\u2019indirizzo del mittente, necessario per rispondere alle richieste, nonch\u00e9 degli eventuali altri dati personali inseriti nella missiva.<\/p>\n<p>&nbsp;<\/p>\n<p>I dati verranno essenzialmente trattati per le seguenti, specifiche, finalit\u00e0:<\/p>\n<p>&nbsp;<\/p>\n<p>1. Richieste d\u2019informazioni sui servizi erogati e prodotti\/soluzioni commercializzate direttamente da V.F: S.r.l.;<br \/>\n2. Segnalazioni di qualsiasi genere, inviate anche attraverso Form di contatto;<br \/>\n3. Invio d\u2019informazioni e\/o dati personali ai fini di definizione di una collaborazione professionale;<br \/>\n4. Invio di newsletter informative, se iscritti all&#8217;apposito servizio;<br \/>\n5. Iscrizione alla newsletter informativa aziendale (si specifica che la newsletter non tratta contenuti commerciali e\/o promozionali).<\/p>\n<p>&nbsp;<\/p>\n<p>Specifiche informative di sintesi verranno progressivamente riportate o visualizzate nelle pagine del sito predisposte per particolari servizi a richiesta.[\/vc_column_text][vc_column_text css=&#8221;.vc_custom_1554725736728{padding-top: 30px !important;}&#8221;]<strong>4.2.1 Cookies, plugins e servizi di interazione con piattaforme esterne<\/strong><br \/>\nInformativa completa sull&#8217;uso dei cookies e dei servizi di interazione con le piattaforme (es. Social Networks) esterne da parte di questo sito \u00e8 disponibile al seguente link:<\/p>\n<p>Cookie Policy del sito www.vf-facci.it: www. vf-facci.it\/cookie-policy[\/vc_column_text][vc_column_text css=&#8221;.vc_custom_1554725749053{padding-top: 30px !important;}&#8221;]<strong>5. Facoltativit\u00e0 del conferimento dei dati<\/strong><br \/>\nA parte quanto specificato per i dati di navigazione, l&#8217;utente \u00e8 libero di fornire i dati personali riportati nei moduli di richiesta o comunque indicati in contatti per sollecitare l&#8217;invio della newsletter, di materiale informativo o di altre comunicazioni.<br \/>\nIl loro mancato conferimento pu\u00f2 comportare l&#8217;impossibilit\u00e0 di ottenere quanto richiesto.<\/p>\n<p>[\/vc_column_text][vc_column_text css=&#8221;.vc_custom_1554725761204{padding-top: 30px !important;}&#8221;]<strong>6. Modalit\u00e0 del trattamento<\/strong><br \/>\nI dati personali sono trattati con strumenti automatizzati per il tempo strettamente necessario a conseguire gli scopi per cui sono stati raccolti.<br \/>\nSpecifiche misure di sicurezza sono osservate per prevenire la perdita dei dati, usi illeciti o non corretti ed accessi non autorizzati.<br \/>\n[\/vc_column_text][vc_column_text css=&#8221;.vc_custom_1554725773316{padding-top: 30px !important;}&#8221;]<strong>7. Trasferimento delle tue informazioni all&#8217;estero<\/strong><br \/>\nI dati personali forniti, immessi tramite questo o altri siti web, potranno essere trasferite ad altri paesi da noi o da nostri agenti allo scopo di assolvere agli obblighi contrattuali e dagli adempimenti obbligatori di comunicazione intra-gruppo e\/o franchising, nel pieno rispetto degli art. dal 44 e s.s. del GDPR 2016\/679 o per motivi esclusivamente tecnici legati alla struttura del Sistema Informativo aziendale e\/o all\u2019applicazione di misure di sicurezza tecniche e organizzative ritenute idonee dal Titolare (cit. art. 32 GDPR 2016\/679) .<\/p>\n<p>[\/vc_column_text][vc_column_text css=&#8221;.vc_custom_1554725787493{padding-top: 30px !important;}&#8221;]<strong>8. Diritti degli interessati<\/strong><br \/>\nI soggetti cui si riferiscono i dati personali hanno il diritto in qualunque momento di ottenere la conferma dell&#8217;esistenza o meno dei medesimi dati e di conoscerne il contenuto e l&#8217;origine, verificarne l&#8217;esattezza o chiederne l&#8217;integrazione o l&#8217;aggiornamento, oppure la rettificazione (artt. 15-22 Reg.to UE 2016\/679 e normativa nazionale vigente).<br \/>\n[\/vc_column_text][vc_column_text css=&#8221;.vc_custom_1554725798160{padding-top: 30px !important;}&#8221;]<strong>9. Diritto di Reclamo<\/strong><br \/>\nGli interessati che ritengono che il trattamento dei dati personali a loro riferiti effettuato attraverso questo sito avvenga in violazione di quanto previsto dal GDPR 2016\/679 hanno il diritto di proporre reclamo all\u2019Istituto VFS.r.l., come previsto dall&#8217;art. 77 del GDPR 2016\/679 stesso, o di adire le opportune sedi giudiziarie (art. 79 del GDPR 2016\/679)<br \/>\n[\/vc_column_text][vc_column_text css=&#8221;.vc_custom_1554725809610{padding-top: 30px !important;}&#8221;]<strong>10. Riferimenti legali<\/strong><br \/>\nAvviso agli Utenti europei: la presente informativa privacy \u00e8 redatta in adempimento degli obblighi previsti degli artt. 13 e 14 del GDPR UE 2016\/679, nonch\u00e9 a quanto previsto dalla Direttiva 2002\/58\/CE, come aggiornata dalla Direttiva 2009\/136\/CE, in materia di Cookie. Questa informativa privacy riguarda esclusivamente questo sito web.<\/p>\n<p>[\/vc_column_text][vc_column_text css=&#8221;.vc_custom_1554725828231{padding-top: 30px !important;}&#8221;]<strong>11. Tempi di conservazione dei dati:<\/strong><br \/>\nI dati forniti verranno conservati presso i nostri archivi secondo i seguenti parametri:<br \/>\n&#8211; Per gli eventuali dati forniti volontariamente: fino all\u2019evasione del servizio (\u201cprincipio di limitazione della conservazione\u201d, art.5 del Regolamento UE 2016\/679) o in base alle scadenze previste dalle norme di Legge. La verifica sulla obsolescenza dei dati conservati in relazione alle finalit\u00e0 per cui sono stati raccolti viene effettuata periodicamente.<br \/>\n[\/vc_column_text][vc_column_text css=&#8221;.vc_custom_1554725886378{padding-top: 30px !important;}&#8221;]<strong>12. Per maggiori informazioni puoi contattare il Titolare del trattamento:<\/strong><\/p>\n<p>VF S.r.l.<br \/>\nVia Torino, 30 \u2013 36030 Caltrano (Vicenza) \u2013 Italy<br \/>\nTel. +39 0445 892340<br \/>\nFax +39 0445 395308<br \/>\nEmail: info@vf-facci.it<br \/>\n[\/vc_column_text][\/vc_column][\/vc_row]<\/p>\n<\/div>","protected":false},"excerpt":{"rendered":"<p>[vc_row css_animation=&#8221;&#8221; row_type=&#8221;row&#8221; use_row_as_full_screen_section=&#8221;no&#8221; type=&#8221;full_width&#8221; angled_section=&#8221;no&#8221; text_align=&#8221;left&#8221; background_image_as_pattern=&#8221;without_pattern&#8221; css=&#8221;.vc_custom_1554719599430{padding-bottom: 100px !important;}&#8221; z_index=&#8221;&#8221;][vc_column][vc_empty_space height=&#8221;150px&#8221;][vc_column_text]INFORMATIVA DELLA LEGGE SULLA PRIVACY[\/vc_column_text][vc_column_text css=&#8221;.vc_custom_1554725457044{padding-top: 30px !important;}&#8221;]In questa pagina si descrivono le modalit\u00e0 di gestione del sito in riferimento al trattamento dei dati personali degli utenti che lo consultano. Si tratta di&#8230;<\/p>\n","protected":false},"author":1,"featured_media":0,"parent":0,"menu_order":0,"comment_status":"closed","ping_status":"closed","template":"","meta":{"inline_featured_image":false,"footnotes":""},"class_list":["post-1285","page","type-page","status-publish","hentry"],"yoast_head":"<!-- This site is optimized with the Yoast SEO plugin v27.5 - https:\/\/yoast.com\/product\/yoast-seo-wordpress\/ -->\n<title>Privacy - VF Facci<\/title>\n<meta name=\"robots\" content=\"index, follow, max-snippet:-1, max-image-preview:large, max-video-preview:-1\" \/>\n<link rel=\"canonical\" href=\"https:\/\/www.vf-facci.it\/it\/privacy\/\" \/>\n<meta property=\"og:locale\" content=\"it_IT\" \/>\n<meta property=\"og:type\" content=\"article\" \/>\n<meta property=\"og:title\" content=\"Privacy - VF Facci\" \/>\n<meta property=\"og:description\" content=\"[vc_row css_animation=&#8221;&#8221; row_type=&#8221;row&#8221; use_row_as_full_screen_section=&#8221;no&#8221; type=&#8221;full_width&#8221; angled_section=&#8221;no&#8221; text_align=&#8221;left&#8221; background_image_as_pattern=&#8221;without_pattern&#8221; css=&#8221;.vc_custom_1554719599430{padding-bottom: 100px !important;}&#8221; z_index=&#8221;&#8221;][vc_column][vc_empty_space height=&#8221;150px&#8221;][vc_column_text]INFORMATIVA DELLA LEGGE SULLA PRIVACY[\/vc_column_text][vc_column_text css=&#8221;.vc_custom_1554725457044{padding-top: 30px !important;}&#8221;]In questa pagina si descrivono le modalit\u00e0 di gestione del sito in riferimento al trattamento dei dati personali degli utenti che lo consultano. Si tratta di...\" \/>\n<meta property=\"og:url\" content=\"https:\/\/www.vf-facci.it\/it\/privacy\/\" \/>\n<meta property=\"og:site_name\" content=\"VF Facci\" \/>\n<meta property=\"article:modified_time\" content=\"2019-04-09T09:48:06+00:00\" \/>\n<meta name=\"twitter:card\" content=\"summary_large_image\" \/>\n<meta name=\"twitter:label1\" content=\"Tempo di lettura stimato\" \/>\n\t<meta name=\"twitter:data1\" content=\"7 minuti\" \/>\n<script type=\"application\/ld+json\" class=\"yoast-schema-graph\">{\"@context\":\"https:\\\/\\\/schema.org\",\"@graph\":[{\"@type\":\"WebPage\",\"@id\":\"https:\\\/\\\/www.vf-facci.it\\\/it\\\/privacy\\\/\",\"url\":\"https:\\\/\\\/www.vf-facci.it\\\/it\\\/privacy\\\/\",\"name\":\"Privacy - VF Facci\",\"isPartOf\":{\"@id\":\"https:\\\/\\\/www.vf-facci.it\\\/it\\\/#website\"},\"datePublished\":\"2019-04-08T12:09:25+00:00\",\"dateModified\":\"2019-04-09T09:48:06+00:00\",\"breadcrumb\":{\"@id\":\"https:\\\/\\\/www.vf-facci.it\\\/it\\\/privacy\\\/#breadcrumb\"},\"inLanguage\":\"it-IT\",\"potentialAction\":[{\"@type\":\"ReadAction\",\"target\":[\"https:\\\/\\\/www.vf-facci.it\\\/it\\\/privacy\\\/\"]}]},{\"@type\":\"BreadcrumbList\",\"@id\":\"https:\\\/\\\/www.vf-facci.it\\\/it\\\/privacy\\\/#breadcrumb\",\"itemListElement\":[{\"@type\":\"ListItem\",\"position\":1,\"name\":\"Home\",\"item\":\"https:\\\/\\\/www.vf-facci.it\\\/it\\\/\"},{\"@type\":\"ListItem\",\"position\":2,\"name\":\"Privacy\"}]},{\"@type\":\"WebSite\",\"@id\":\"https:\\\/\\\/www.vf-facci.it\\\/it\\\/#website\",\"url\":\"https:\\\/\\\/www.vf-facci.it\\\/it\\\/\",\"name\":\"VF Facci\",\"description\":\"ATTREZZATURE PER MACCHINE UTENSILI, AUTOMAZIONI\",\"potentialAction\":[{\"@type\":\"SearchAction\",\"target\":{\"@type\":\"EntryPoint\",\"urlTemplate\":\"https:\\\/\\\/www.vf-facci.it\\\/it\\\/?s={search_term_string}\"},\"query-input\":{\"@type\":\"PropertyValueSpecification\",\"valueRequired\":true,\"valueName\":\"search_term_string\"}}],\"inLanguage\":\"it-IT\"}]}<\/script>\n<!-- \/ Yoast SEO plugin. -->","yoast_head_json":{"title":"Privacy - VF Facci","robots":{"index":"index","follow":"follow","max-snippet":"max-snippet:-1","max-image-preview":"max-image-preview:large","max-video-preview":"max-video-preview:-1"},"canonical":"https:\/\/www.vf-facci.it\/it\/privacy\/","og_locale":"it_IT","og_type":"article","og_title":"Privacy - VF Facci","og_description":"[vc_row css_animation=&#8221;&#8221; row_type=&#8221;row&#8221; use_row_as_full_screen_section=&#8221;no&#8221; type=&#8221;full_width&#8221; angled_section=&#8221;no&#8221; text_align=&#8221;left&#8221; background_image_as_pattern=&#8221;without_pattern&#8221; css=&#8221;.vc_custom_1554719599430{padding-bottom: 100px !important;}&#8221; z_index=&#8221;&#8221;][vc_column][vc_empty_space height=&#8221;150px&#8221;][vc_column_text]INFORMATIVA DELLA LEGGE SULLA PRIVACY[\/vc_column_text][vc_column_text css=&#8221;.vc_custom_1554725457044{padding-top: 30px !important;}&#8221;]In questa pagina si descrivono le modalit\u00e0 di gestione del sito in riferimento al trattamento dei dati personali degli utenti che lo consultano. Si tratta di...","og_url":"https:\/\/www.vf-facci.it\/it\/privacy\/","og_site_name":"VF Facci","article_modified_time":"2019-04-09T09:48:06+00:00","twitter_card":"summary_large_image","twitter_misc":{"Tempo di lettura stimato":"7 minuti"},"schema":{"@context":"https:\/\/schema.org","@graph":[{"@type":"WebPage","@id":"https:\/\/www.vf-facci.it\/it\/privacy\/","url":"https:\/\/www.vf-facci.it\/it\/privacy\/","name":"Privacy - VF Facci","isPartOf":{"@id":"https:\/\/www.vf-facci.it\/it\/#website"},"datePublished":"2019-04-08T12:09:25+00:00","dateModified":"2019-04-09T09:48:06+00:00","breadcrumb":{"@id":"https:\/\/www.vf-facci.it\/it\/privacy\/#breadcrumb"},"inLanguage":"it-IT","potentialAction":[{"@type":"ReadAction","target":["https:\/\/www.vf-facci.it\/it\/privacy\/"]}]},{"@type":"BreadcrumbList","@id":"https:\/\/www.vf-facci.it\/it\/privacy\/#breadcrumb","itemListElement":[{"@type":"ListItem","position":1,"name":"Home","item":"https:\/\/www.vf-facci.it\/it\/"},{"@type":"ListItem","position":2,"name":"Privacy"}]},{"@type":"WebSite","@id":"https:\/\/www.vf-facci.it\/it\/#website","url":"https:\/\/www.vf-facci.it\/it\/","name":"VF Facci","description":"ATTREZZATURE PER MACCHINE UTENSILI, AUTOMAZIONI","potentialAction":[{"@type":"SearchAction","target":{"@type":"EntryPoint","urlTemplate":"https:\/\/www.vf-facci.it\/it\/?s={search_term_string}"},"query-input":{"@type":"PropertyValueSpecification","valueRequired":true,"valueName":"search_term_string"}}],"inLanguage":"it-IT"}]}},"_links":{"self":[{"href":"https:\/\/www.vf-facci.it\/it\/wp-json\/wp\/v2\/pages\/1285","targetHints":{"allow":["GET"]}}],"collection":[{"href":"https:\/\/www.vf-facci.it\/it\/wp-json\/wp\/v2\/pages"}],"about":[{"href":"https:\/\/www.vf-facci.it\/it\/wp-json\/wp\/v2\/types\/page"}],"author":[{"embeddable":true,"href":"https:\/\/www.vf-facci.it\/it\/wp-json\/wp\/v2\/users\/1"}],"replies":[{"embeddable":true,"href":"https:\/\/www.vf-facci.it\/it\/wp-json\/wp\/v2\/comments?post=1285"}],"version-history":[{"count":0,"href":"https:\/\/www.vf-facci.it\/it\/wp-json\/wp\/v2\/pages\/1285\/revisions"}],"wp:attachment":[{"href":"https:\/\/www.vf-facci.it\/it\/wp-json\/wp\/v2\/media?parent=1285"}],"curies":[{"name":"wp","href":"https:\/\/api.w.org\/{rel}","templated":true}]}}