{"id":325,"date":"2018-03-20T09:11:39","date_gmt":"2018-03-20T08:11:39","guid":{"rendered":"http:\/\/www.vf-facci.it\/?page_id=325"},"modified":"2019-04-09T11:52:03","modified_gmt":"2019-04-09T09:52:03","slug":"octopus","status":"publish","type":"page","link":"https:\/\/www.vf-facci.it\/it\/prodotti\/macchine-per-la-produzione-di-circuiti-stampati\/octopus\/","title":{"rendered":"Octopus"},"content":{"rendered":"<div class=\"wpb-content-wrapper\"><p>[vc_row css_animation=&#8221;&#8221; row_type=&#8221;row&#8221; use_row_as_full_screen_section=&#8221;no&#8221; type=&#8221;full_width&#8221; angled_section=&#8221;no&#8221; text_align=&#8221;left&#8221; background_image_as_pattern=&#8221;without_pattern&#8221; background_color=&#8221;#ffffff&#8221; z_index=&#8221;&#8221; el_class=&#8221;top100&#8243;][vc_column][vc_row_inner row_type=&#8221;row&#8221; type=&#8221;grid&#8221; text_align=&#8221;left&#8221; css_animation=&#8221;&#8221;][vc_column_inner width=&#8221;7\/12&#8243;][vc_empty_space height=&#8221;120px&#8221;][vc_single_image image=&#8221;357&#8243; img_size=&#8221;full&#8221; alignment=&#8221;center&#8221; qode_css_animation=&#8221;&#8221;][\/vc_column_inner][vc_column_inner width=&#8221;5\/12&#8243; css=&#8221;.vc_custom_1523978447389{background-color: #cf4343 !important;}&#8221;][vc_empty_space height=&#8221;90px&#8221;][vc_column_text el_class=&#8221;white&#8221;]<\/p>\n<h1>OCTOPUS<\/h1>\n<p>[\/vc_column_text][vc_separator type=&#8221;small&#8221; position=&#8221;left&#8221; color=&#8221;#ffffff&#8221; width=&#8221;50&#8243; up=&#8221;20&#8243; down=&#8221;20&#8243;][vc_column_text el_class=&#8221;white&#8221;]<\/p>\n<p>Preparazione automatica pacchi per la foratura.<\/p>\n<p>[\/vc_column_text][vc_empty_space height=&#8221;40px&#8221;][vc_column_text el_class=&#8221;white&#8221;]\u2022 Scarico automatico<br \/>\n\u2022 Foratura\/Spinatura e Nastratura automatica<br \/>\n\u2022 Sistema di rotazione pacchi per la nastratura [\/vc_column_text][vc_empty_space height=&#8221;30px&#8221;][vc_column_text el_class=&#8221;white&#8221;]<a style=\"color: #fff !important;\" href=\"\/wp-content\/uploads\/2018\/05\/Depliant-VF-Octopus.pdf\" target=\"_blank\" rel=\"noopener noreferrer\"><i class=\"fa fa-file-pdf-o\" aria-hidden=\"true\"><\/i> Scarica la documentazione del prodotto<\/a>[\/vc_column_text][vc_empty_space height=&#8221;90px&#8221;][\/vc_column_inner][\/vc_row_inner][\/vc_column][\/vc_row][vc_row css_animation=&#8221;&#8221; row_type=&#8221;row&#8221; use_row_as_full_screen_section=&#8221;no&#8221; type=&#8221;full_width&#8221; angled_section=&#8221;no&#8221; text_align=&#8221;left&#8221; background_image_as_pattern=&#8221;without_pattern&#8221;][vc_column el_class=&#8221;border-bottom&#8221;][vc_single_image image=&#8221;340&#8243; img_size=&#8221;full&#8221; qode_css_animation=&#8221;&#8221;][\/vc_column][\/vc_row][vc_row css_animation=&#8221;&#8221; row_type=&#8221;row&#8221; use_row_as_full_screen_section=&#8221;no&#8221; type=&#8221;grid&#8221; angled_section=&#8221;no&#8221; text_align=&#8221;left&#8221; background_image_as_pattern=&#8221;without_pattern&#8221; background_color=&#8221;#f9f9f9&#8243; z_index=&#8221;&#8221; el_class=&#8221;top50&#8243;][vc_column width=&#8221;1\/2&#8243;][vc_empty_space height=&#8221;50px&#8221;][vc_column_text]<\/p>\n<h1>PROCESSI<\/h1>\n<p>[\/vc_column_text][vc_empty_space height=&#8221;50px&#8221;][vc_column_text]- Foratura, Spinatura &amp; Nastratura simultanea sui lati spina.<br \/>\n&#8211; Nastratura supplementare solo sui lati lunghi<br \/>\n&#8211; Posizionamento accurato delle teste di Foratura e Spinatura tramite volantini.<br \/>\n&#8211; Contatori meccanici<br \/>\n&#8211; Blocco pneumatico della posizione delle unit\u00e0 di Foratura\/Spinatura.<br \/>\n&#8211; Freno idraulico mandrino con regolazione della velocit\u00e0 di avanzamento per ottimizzazione della qualit\u00e0 della foratura e contenimento della bava.<br \/>\n&#8211; Inserimento spine<br \/>\n&#8211; 4 Unit\u00e0 di nastratura (2 a destra, 2 a sinistra) con regolazione della distanza dei punti di nastratura.<br \/>\n&#8211; Lunghezza regolabile del nastro sul lato superiore (fondello di entrata).[\/vc_column_text][vc_empty_space height=&#8221;60px&#8221; el_class=&#8221;empty130&#8243;][vc_column_text]<\/p>\n<h1>CICLO DI LAVORO<\/h1>\n<p>[\/vc_column_text][vc_empty_space height=&#8221;50px&#8221;][vc_column_text]- Foratura &#8211; Spinatura -Nastratura -impilamento<br \/>\n&#8211; Spinatura -Nastratura &#8211; Impilamento (multilayer)<br \/>\n&#8211; Foratura \u2013 Spinatura con scarico manuale<br \/>\n&#8211; Spinatura con scarico manuale (multilayer)<br \/>\n[\/vc_column_text][vc_empty_space height=&#8221;60px&#8221; el_class=&#8221;empty100&#8243;][vc_column_text]<\/p>\n<h1>SPINATURA MULTIPLAYER<\/h1>\n<p>[\/vc_column_text][vc_empty_space height=&#8221;50px&#8221;][vc_column_text]Posizionamento in basso dei mandrini di foratura e inserimento dei cilindri contenenti spine di riferimento per foratura Multilayers. (Solo ciclo Spinatura\/Nastratura. Foto 1).<br \/>\n[\/vc_column_text][vc_empty_space height=&#8221;60px&#8221; el_class=&#8221;empty100&#8243;][\/vc_column][vc_column width=&#8221;1\/2&#8243;][vc_empty_space height=&#8221;50px&#8221;][vc_column_text]<\/p>\n<h1>SPECIFICHE<\/h1>\n<p>[\/vc_column_text][vc_empty_space height=&#8221;50px&#8221;][vc_raw_html]JTNDdGFibGUlM0UlMEElMjAlMjAlM0N0ciUzRSUwQSUyMCUyMCUyMCUyMCUzQ3RkJTIwY29sc3BhbiUzRCUyMjIlMjIlM0UtJTIwMiUyMFVuaXQlQzMlQTAlMjBkaSUyMEZvcmF0dXJhJTIwZSUyMFNwaW5hdHVyYSUyMCUyODElMjBhJTIwc2luaXN0cmElMkMlMjAxJTIwYSUyMGRlc3RyYSUyOS4lM0MlMkZ0ZCUzRSUwQSUyMCUyMCUyMCUyMCUzQ3RkJTNFJTNDJTJGdGQlM0UlMEElMjAlMjAlM0MlMkZ0ciUzRSUwQSUyMCUyMCUzQ3RyJTNFJTBBJTIwJTIwJTIwJTNDdGQlMjBjb2xzcGFuJTNEJTIyMiUyMiUzRS0lMjA0JTIwVW5pdCVDMyVBMCUyMGRpJTIwTmFzdHJhdHVyYSUyMCUyODIlMjBhJTIwc2luaXN0cmElMkMlMjAyJTIwYSUyMGRlc3RyYSUyOSUzQyUyRnRkJTNFJTBBJTIwJTIwJTIwJTIwJTNDdGQlM0UlM0MlMkZ0ZCUzRSUwQSUyMCUyMCUzQyUyRnRyJTNFJTBBJTIwJTIwJTNDdHIlM0UlMEElMjAlMjAlMjAlMjAlM0N0ZCUzRS0lMjBEaW1lbnNpb25pJTNDJTJGdGQlM0UlMEElMjAlMjAlMjAlMjAlM0N0ZCUyMGNsYXNzJTNEJTIyYm90dG9tNTAlMjIlM0UlMjAyLjAwMCUyMHglMjAyLjU3MiUyMHglMjAyLjE1MCUyMG1tLiUzQ2JyJTNFJTBBJTI4TCUyMDc4JTJDNyVFMiU4MCU5RCUyMHglMjBEJTIwMTAxJTJDMyVFMiU4MCU5RCUyMHglMjBIJTIwODQlMkM2JUUyJTgwJTlEJTI5JTBBJTNDJTJGdGQlM0UlMEElMjAlMjAlM0MlMkZ0ciUzRSUwQSUyMCUyMCUzQ3RyJTNFJTBBJTIwJTIwJTIwJTIwJTNDdGQlM0UtJTIwUGVzbyUzQyUyRnRkJTNFJTBBJTIwJTIwJTIwJTIwJTNDdGQlM0UlMjAxLjAxNSUyMGtnLiUyMCUyOCUyMDIuMjM3JTIwbGJzJTI5JTNDJTJGdGQlM0UlMEElMjAlMjAlM0MlMkZ0ciUzRSUwQSUyMCUyMCUzQ3RyJTNFJTBBJTIwJTIwJTIwJTIwJTNDdGQlM0UtJTIwRGltZW5zaW9uaSUyMHBhY2NoaSUzQyUyRnRkJTNFJTBBJTIwJTIwJTIwJTIwJTNDdGQlMjBjbGFzcyUzRCUyMmJvdHRvbTUwJTIyJTNFTWF4LiUyMDY3MCUyMHglMjA1MzUlMjBtbS4lMjAlMjgyNiUyQzQlRTIlODAlOUQlMjB4JTIwMjElMkMxJUUyJTgwJTlEJTI5JTIwTWluLiUyMCUzQ2JyJTNFJTBBMzUwJTIweCUyMDM4MCUyMG1tLiUyMCUyODEzJTJDOCVFMiU4MCU5RCUyMHglMjAxNSVFMiU4MCU5RCUyOSUzQyUyRnRkJTNFJTBBJTIwJTIwJTNDJTJGdHIlM0UlMEElMjAlMjAlM0N0ciUzRSUwQSUyMCUyMCUyMCUyMCUzQ3RkJTNFLSUyMEx1bmdoZXp6YSUyMHNwaW5lJTNDJTJGdGQlM0UlMEElMjAlMjAlMjAlMjAlM0N0ZCUzRTE4JTIwLSUyMDIwJTIwbW0uJTIwJTI4MCUyQzclRTIlODAlOUQtMCUyQzglRTIlODAlOUQlMjklM0MlMkZ0ZCUzRSUwQSUyMCUyMCUzQyUyRnRyJTNFJTBBJTIwJTIwJTNDdHIlM0UlMEElMjAlMjAlMjAlMjAlM0N0ZCUzRS0lMjBEaWFtZXRybyUyMHNwaW5lJTNDJTJGdGQlM0UlMEElMjAlMjAlMjAlMjAlM0N0ZCUyMGNsYXNzJTNEJTIyYm90dG9tNTAlMjIlM0UzJTJDMCUyMC0lMjAzJTJDMTc1JTIwLSUyMDQlMkMwJTIwLSUyMDUlMkMwJTIwbW0uJTI4MCUyQzEyJUUyJTgwJTlEJTIwLSUyMDAlMkMxMjUlRTIlODAlOUQlMjAlMjgxJTJGOCVFMiU4MCU5RCUyOSUyMC0lMjAwJTJDMTYlRTIlODAlOUQlMjAtJTIwMCUyQzIlRTIlODAlOUQlMjklM0MlMkZ0ZCUzRSUwQSUyMCUyMCUzQyUyRnRyJTNFJTBBJTIwJTIwJTNDdHIlM0UlMEElMjAlMjAlMjAlMjAlM0N0ZCUzRS0lMjBQb3RlbnphJTIwaW5zdGFsbGF0YSUzQyUyRnRkJTNFJTBBJTIwJTIwJTIwJTIwJTNDdGQlM0UxJTIwS3clM0MlMkZ0ZCUzRSUwQSUyMCUyMCUzQyUyRnRyJTNFJTBBJTIwJTIwJTNDdHIlM0UlMEElMjAlMjAlMjAlMjAlM0N0ZCUzRS0lMjBDb25zdW1vJTIwYXJpYSUzQyUyRnRkJTNFJTBBJTIwJTIwJTIwJTIwJTNDdGQlM0UxMSUyME5MJTIwJTJGJTIwUyUzQyUyRnRkJTNFJTBBJTIwJTIwJTNDJTJGdHIlM0UlMEElMjAlMjAlM0N0ciUzRSUwQSUyMCUyMCUyMCUyMCUzQ3RkJTNFLSUyMFByb2R1dHRpdml0JUMzJUEwJTNDJTJGdGQlM0UlMEElMjAlMjAlMjAlMjAlM0N0ZCUzRTE1MCUyMHBhY2NoaSUyMCUyRiUyMG9yYSUzQyUyRnRkJTNFJTBBJTIwJTIwJTNDJTJGdHIlM0UlMEElM0MlMkZ0YWJsZSUzRQ==[\/vc_raw_html][\/vc_column][\/vc_row][vc_row css_animation=&#8221;&#8221; row_type=&#8221;row&#8221; use_row_as_full_screen_section=&#8221;no&#8221; type=&#8221;full_width&#8221; angled_section=&#8221;no&#8221; text_align=&#8221;left&#8221; background_image_as_pattern=&#8221;without_pattern&#8221; z_index=&#8221;&#8221; el_class=&#8221;top100&#8243;][vc_column][vc_single_image image=&#8221;110&#8243; img_size=&#8221;full&#8221; alignment=&#8221;center&#8221; qode_css_animation=&#8221;&#8221; el_class=&#8221;img-top&#8221;][vc_row_inner row_type=&#8221;row&#8221; type=&#8221;full_width&#8221; text_align=&#8221;left&#8221; css_animation=&#8221;&#8221; el_class=&#8221;clip-grigia &#8220;][vc_column_inner][vc_empty_space height=&#8221;180px&#8221;][\/vc_column_inner][\/vc_row_inner][vc_row_inner row_type=&#8221;row&#8221; type=&#8221;grid&#8221; text_align=&#8221;left&#8221; background_color=&#8221;#323232&#8243; css_animation=&#8221;&#8221;][vc_column_inner][vc_column_text]<\/p>\n<h1 style=\"text-align: center; color: #fff !important;\">NEWSLETTER<\/h1>\n<p>[\/vc_column_text][vc_empty_space height=&#8221;20px&#8221;][vc_column_text]<\/p>\n<p style=\"text-align: center; color: #fff !important;\">Iscriviti per rimanere informato<\/p>\n<p>[\/vc_column_text][vc_empty_space height=&#8221;40px&#8221;][\/vc_column_inner][\/vc_row_inner][vc_row_inner row_type=&#8221;row&#8221; type=&#8221;grid&#8221; text_align=&#8221;left&#8221; background_color=&#8221;#323232&#8243; css_animation=&#8221;&#8221;][vc_column_inner width=&#8221;1\/4&#8243;][\/vc_column_inner][vc_column_inner width=&#8221;1\/2&#8243;][vc_column_text]<script>(function() {\n\twindow.mc4wp = window.mc4wp || {\n\t\tlisteners: [],\n\t\tforms: {\n\t\t\ton: function(evt, cb) {\n\t\t\t\twindow.mc4wp.listeners.push(\n\t\t\t\t\t{\n\t\t\t\t\t\tevent   : evt,\n\t\t\t\t\t\tcallback: cb\n\t\t\t\t\t}\n\t\t\t\t);\n\t\t\t}\n\t\t}\n\t}\n})();\n<\/script><!-- Mailchimp for WordPress v4.12.2 - https:\/\/wordpress.org\/plugins\/mailchimp-for-wp\/ --><form id=\"mc4wp-form-1\" class=\"mc4wp-form mc4wp-form-824\" method=\"post\" data-id=\"824\" data-name=\"newsletter\" ><div class=\"mc4wp-form-fields\"><p>\r\n  <span class=\"alignleft\"><img decoding=\"async\" src=\"\/wp-content\/uploads\/2018\/03\/email.png\" style=\"float: left;\">\r\n    \r\n    <input type=\"email\" name=\"EMAIL\" placeholder=\"Enter your e-mail\" required \/><\/span>\r\n  <span class=\"alignright\">\t <\/span> \r\n<\/p>\r\n\r\n<p style=\"display:block;\">\r\n  <span class=\"alignleft\" style=\"clear:both;\">\r\n    <span style=\"color:#fff; font-size:13px;line-height:15px;display:block\">Informativa ai sensi degli artt. 13 e 14 del GDPR UE 2016\/679 e alla normativa nazionale vigente. I dati conferiti con la compilazione del presente modulo saranno oggetto di trattamento cartaceo ed informatizzato. I suoi dati saranno utilizzati esclusivamente per poter rispondere alla Sua richiesta. Il conferimento dei dati e il consenso al trattamento \u00e8 obbligatorio, la sua mancanza comporter\u00e0 l\u2019impossibilit\u00e0 di dare esecuzione alla prestazione. e commerciale. Titolare del trattamento \u00e8 VF S.r.l.a cui potr\u00e0 rivolgersi per l\u2019esercizio dei diritti di cui agli artt. 15-22 Reg.to UE 2016\/679. Per la visione dell\u2019informativa completa si rimanda a questo link: www.vf-facci.it\/it\/privacy. \r\n\r\nDichiaro di aver letto e compreso l'informativa di cui agli artt. 13 e 14 del GDPR UE 2016\/679 e alla normativa nazionale vigente e autorizzo il trattamento dei miei dati personali (ai sensi dell\u2019art. 7 del GDPR 2016\/679 e della normativa nazionale vigente).<\/span><\/span>\r\n<\/p>\r\n<p style=\"display:block; width:100%; clear:both;\">\r\n  <input name=\"_mc4wp_action\" type=\"checkbox\" value=\"subscribe\" required=\"\"> <span style=\"color:#fff\">Do il consenso\r\n<\/span><\/p>\r\n<input type=\"submit\" value=\"SUBMIT\" \/>\r\n<div class=\"mc4wp-response\"><\/div><\/div><label style=\"display: none !important;\">Lascia questo campo vuoto se sei umano: <input type=\"text\" name=\"_mc4wp_honeypot\" value=\"\" tabindex=\"-1\" autocomplete=\"off\" \/><\/label><input type=\"hidden\" name=\"_mc4wp_timestamp\" value=\"1776776207\" \/><input type=\"hidden\" name=\"_mc4wp_form_id\" value=\"824\" \/><input type=\"hidden\" name=\"_mc4wp_form_element_id\" value=\"mc4wp-form-1\" \/><\/form><!-- \/ Mailchimp for WordPress Plugin -->[\/vc_column_text][\/vc_column_inner][vc_column_inner width=&#8221;1\/4&#8243;][\/vc_column_inner][\/vc_row_inner][vc_empty_space height=&#8221;160px&#8221; el_class=&#8221;e-footer&#8221;][\/vc_column][\/vc_row]<\/p>\n<\/div>","protected":false},"excerpt":{"rendered":"<p>[vc_row css_animation=&#8221;&#8221; row_type=&#8221;row&#8221; use_row_as_full_screen_section=&#8221;no&#8221; type=&#8221;full_width&#8221; angled_section=&#8221;no&#8221; text_align=&#8221;left&#8221; background_image_as_pattern=&#8221;without_pattern&#8221; background_color=&#8221;#ffffff&#8221; z_index=&#8221;&#8221; el_class=&#8221;top100&#8243;][vc_column][vc_row_inner row_type=&#8221;row&#8221; type=&#8221;grid&#8221; text_align=&#8221;left&#8221; css_animation=&#8221;&#8221;][vc_column_inner width=&#8221;7\/12&#8243;][vc_empty_space height=&#8221;120px&#8221;][vc_single_image image=&#8221;357&#8243; img_size=&#8221;full&#8221; alignment=&#8221;center&#8221; qode_css_animation=&#8221;&#8221;][\/vc_column_inner][vc_column_inner width=&#8221;5\/12&#8243; css=&#8221;.vc_custom_1523978447389{background-color: #cf4343 !important;}&#8221;][vc_empty_space height=&#8221;90px&#8221;][vc_column_text el_class=&#8221;white&#8221;] OCTOPUS [\/vc_column_text][vc_separator type=&#8221;small&#8221; position=&#8221;left&#8221; color=&#8221;#ffffff&#8221; width=&#8221;50&#8243; up=&#8221;20&#8243; down=&#8221;20&#8243;][vc_column_text el_class=&#8221;white&#8221;] Preparazione automatica pacchi per la foratura. [\/vc_column_text][vc_empty_space height=&#8221;40px&#8221;][vc_column_text el_class=&#8221;white&#8221;]\u2022&#8230;<\/p>\n","protected":false},"author":2,"featured_media":0,"parent":245,"menu_order":0,"comment_status":"closed","ping_status":"closed","template":"full_width.php","meta":{"inline_featured_image":false,"footnotes":""},"class_list":["post-325","page","type-page","status-publish","hentry"],"yoast_head":"<!-- This site is optimized with the Yoast SEO plugin v27.4 - https:\/\/yoast.com\/product\/yoast-seo-wordpress\/ -->\n<title>Octopus - VF Facci<\/title>\n<meta name=\"robots\" content=\"index, follow, max-snippet:-1, max-image-preview:large, max-video-preview:-1\" \/>\n<link rel=\"canonical\" href=\"https:\/\/www.vf-facci.it\/it\/prodotti\/macchine-per-la-produzione-di-circuiti-stampati\/octopus\/\" \/>\n<meta property=\"og:locale\" content=\"it_IT\" \/>\n<meta property=\"og:type\" content=\"article\" \/>\n<meta property=\"og:title\" content=\"Octopus - VF Facci\" \/>\n<meta property=\"og:description\" content=\"[vc_row css_animation=&#8221;&#8221; row_type=&#8221;row&#8221; use_row_as_full_screen_section=&#8221;no&#8221; type=&#8221;full_width&#8221; angled_section=&#8221;no&#8221; text_align=&#8221;left&#8221; background_image_as_pattern=&#8221;without_pattern&#8221; background_color=&#8221;#ffffff&#8221; z_index=&#8221;&#8221; el_class=&#8221;top100&#8243;][vc_column][vc_row_inner row_type=&#8221;row&#8221; type=&#8221;grid&#8221; text_align=&#8221;left&#8221; css_animation=&#8221;&#8221;][vc_column_inner width=&#8221;7\/12&#8243;][vc_empty_space height=&#8221;120px&#8221;][vc_single_image image=&#8221;357&#8243; img_size=&#8221;full&#8221; alignment=&#8221;center&#8221; qode_css_animation=&#8221;&#8221;][\/vc_column_inner][vc_column_inner width=&#8221;5\/12&#8243; css=&#8221;.vc_custom_1523978447389{background-color: #cf4343 !important;}&#8221;][vc_empty_space height=&#8221;90px&#8221;][vc_column_text el_class=&#8221;white&#8221;] OCTOPUS [\/vc_column_text][vc_separator type=&#8221;small&#8221; position=&#8221;left&#8221; color=&#8221;#ffffff&#8221; width=&#8221;50&#8243; up=&#8221;20&#8243; down=&#8221;20&#8243;][vc_column_text el_class=&#8221;white&#8221;] Preparazione automatica pacchi per la foratura. [\/vc_column_text][vc_empty_space height=&#8221;40px&#8221;][vc_column_text el_class=&#8221;white&#8221;]\u2022...\" \/>\n<meta property=\"og:url\" content=\"https:\/\/www.vf-facci.it\/it\/prodotti\/macchine-per-la-produzione-di-circuiti-stampati\/octopus\/\" \/>\n<meta property=\"og:site_name\" content=\"VF Facci\" \/>\n<meta property=\"article:modified_time\" content=\"2019-04-09T09:52:03+00:00\" \/>\n<meta name=\"twitter:card\" content=\"summary_large_image\" \/>\n<meta name=\"twitter:label1\" content=\"Tempo di lettura stimato\" \/>\n\t<meta name=\"twitter:data1\" content=\"4 minuti\" \/>\n<script type=\"application\/ld+json\" class=\"yoast-schema-graph\">{\"@context\":\"https:\\\/\\\/schema.org\",\"@graph\":[{\"@type\":\"WebPage\",\"@id\":\"https:\\\/\\\/www.vf-facci.it\\\/it\\\/prodotti\\\/macchine-per-la-produzione-di-circuiti-stampati\\\/octopus\\\/\",\"url\":\"https:\\\/\\\/www.vf-facci.it\\\/it\\\/prodotti\\\/macchine-per-la-produzione-di-circuiti-stampati\\\/octopus\\\/\",\"name\":\"Octopus - VF Facci\",\"isPartOf\":{\"@id\":\"https:\\\/\\\/www.vf-facci.it\\\/it\\\/#website\"},\"datePublished\":\"2018-03-20T08:11:39+00:00\",\"dateModified\":\"2019-04-09T09:52:03+00:00\",\"breadcrumb\":{\"@id\":\"https:\\\/\\\/www.vf-facci.it\\\/it\\\/prodotti\\\/macchine-per-la-produzione-di-circuiti-stampati\\\/octopus\\\/#breadcrumb\"},\"inLanguage\":\"it-IT\",\"potentialAction\":[{\"@type\":\"ReadAction\",\"target\":[\"https:\\\/\\\/www.vf-facci.it\\\/it\\\/prodotti\\\/macchine-per-la-produzione-di-circuiti-stampati\\\/octopus\\\/\"]}]},{\"@type\":\"BreadcrumbList\",\"@id\":\"https:\\\/\\\/www.vf-facci.it\\\/it\\\/prodotti\\\/macchine-per-la-produzione-di-circuiti-stampati\\\/octopus\\\/#breadcrumb\",\"itemListElement\":[{\"@type\":\"ListItem\",\"position\":1,\"name\":\"Home\",\"item\":\"https:\\\/\\\/www.vf-facci.it\\\/it\\\/\"},{\"@type\":\"ListItem\",\"position\":2,\"name\":\"Prodotti\",\"item\":\"https:\\\/\\\/www.vf-facci.it\\\/it\\\/prodotti\\\/\"},{\"@type\":\"ListItem\",\"position\":3,\"name\":\"Macchine per la produzione di circuiti stampati\",\"item\":\"https:\\\/\\\/www.vf-facci.it\\\/it\\\/prodotti\\\/macchine-per-la-produzione-di-circuiti-stampati\\\/\"},{\"@type\":\"ListItem\",\"position\":4,\"name\":\"Octopus\"}]},{\"@type\":\"WebSite\",\"@id\":\"https:\\\/\\\/www.vf-facci.it\\\/it\\\/#website\",\"url\":\"https:\\\/\\\/www.vf-facci.it\\\/it\\\/\",\"name\":\"VF Facci\",\"description\":\"ATTREZZATURE PER MACCHINE UTENSILI, AUTOMAZIONI\",\"potentialAction\":[{\"@type\":\"SearchAction\",\"target\":{\"@type\":\"EntryPoint\",\"urlTemplate\":\"https:\\\/\\\/www.vf-facci.it\\\/it\\\/?s={search_term_string}\"},\"query-input\":{\"@type\":\"PropertyValueSpecification\",\"valueRequired\":true,\"valueName\":\"search_term_string\"}}],\"inLanguage\":\"it-IT\"}]}<\/script>\n<!-- \/ Yoast SEO plugin. -->","yoast_head_json":{"title":"Octopus - VF Facci","robots":{"index":"index","follow":"follow","max-snippet":"max-snippet:-1","max-image-preview":"max-image-preview:large","max-video-preview":"max-video-preview:-1"},"canonical":"https:\/\/www.vf-facci.it\/it\/prodotti\/macchine-per-la-produzione-di-circuiti-stampati\/octopus\/","og_locale":"it_IT","og_type":"article","og_title":"Octopus - VF Facci","og_description":"[vc_row css_animation=&#8221;&#8221; row_type=&#8221;row&#8221; use_row_as_full_screen_section=&#8221;no&#8221; type=&#8221;full_width&#8221; angled_section=&#8221;no&#8221; text_align=&#8221;left&#8221; background_image_as_pattern=&#8221;without_pattern&#8221; background_color=&#8221;#ffffff&#8221; z_index=&#8221;&#8221; el_class=&#8221;top100&#8243;][vc_column][vc_row_inner row_type=&#8221;row&#8221; type=&#8221;grid&#8221; text_align=&#8221;left&#8221; css_animation=&#8221;&#8221;][vc_column_inner width=&#8221;7\/12&#8243;][vc_empty_space height=&#8221;120px&#8221;][vc_single_image image=&#8221;357&#8243; img_size=&#8221;full&#8221; alignment=&#8221;center&#8221; qode_css_animation=&#8221;&#8221;][\/vc_column_inner][vc_column_inner width=&#8221;5\/12&#8243; css=&#8221;.vc_custom_1523978447389{background-color: #cf4343 !important;}&#8221;][vc_empty_space height=&#8221;90px&#8221;][vc_column_text el_class=&#8221;white&#8221;] OCTOPUS [\/vc_column_text][vc_separator type=&#8221;small&#8221; position=&#8221;left&#8221; color=&#8221;#ffffff&#8221; width=&#8221;50&#8243; up=&#8221;20&#8243; down=&#8221;20&#8243;][vc_column_text el_class=&#8221;white&#8221;] Preparazione automatica pacchi per la foratura. [\/vc_column_text][vc_empty_space height=&#8221;40px&#8221;][vc_column_text el_class=&#8221;white&#8221;]\u2022...","og_url":"https:\/\/www.vf-facci.it\/it\/prodotti\/macchine-per-la-produzione-di-circuiti-stampati\/octopus\/","og_site_name":"VF Facci","article_modified_time":"2019-04-09T09:52:03+00:00","twitter_card":"summary_large_image","twitter_misc":{"Tempo di lettura stimato":"4 minuti"},"schema":{"@context":"https:\/\/schema.org","@graph":[{"@type":"WebPage","@id":"https:\/\/www.vf-facci.it\/it\/prodotti\/macchine-per-la-produzione-di-circuiti-stampati\/octopus\/","url":"https:\/\/www.vf-facci.it\/it\/prodotti\/macchine-per-la-produzione-di-circuiti-stampati\/octopus\/","name":"Octopus - VF Facci","isPartOf":{"@id":"https:\/\/www.vf-facci.it\/it\/#website"},"datePublished":"2018-03-20T08:11:39+00:00","dateModified":"2019-04-09T09:52:03+00:00","breadcrumb":{"@id":"https:\/\/www.vf-facci.it\/it\/prodotti\/macchine-per-la-produzione-di-circuiti-stampati\/octopus\/#breadcrumb"},"inLanguage":"it-IT","potentialAction":[{"@type":"ReadAction","target":["https:\/\/www.vf-facci.it\/it\/prodotti\/macchine-per-la-produzione-di-circuiti-stampati\/octopus\/"]}]},{"@type":"BreadcrumbList","@id":"https:\/\/www.vf-facci.it\/it\/prodotti\/macchine-per-la-produzione-di-circuiti-stampati\/octopus\/#breadcrumb","itemListElement":[{"@type":"ListItem","position":1,"name":"Home","item":"https:\/\/www.vf-facci.it\/it\/"},{"@type":"ListItem","position":2,"name":"Prodotti","item":"https:\/\/www.vf-facci.it\/it\/prodotti\/"},{"@type":"ListItem","position":3,"name":"Macchine per la produzione di circuiti stampati","item":"https:\/\/www.vf-facci.it\/it\/prodotti\/macchine-per-la-produzione-di-circuiti-stampati\/"},{"@type":"ListItem","position":4,"name":"Octopus"}]},{"@type":"WebSite","@id":"https:\/\/www.vf-facci.it\/it\/#website","url":"https:\/\/www.vf-facci.it\/it\/","name":"VF Facci","description":"ATTREZZATURE PER MACCHINE UTENSILI, AUTOMAZIONI","potentialAction":[{"@type":"SearchAction","target":{"@type":"EntryPoint","urlTemplate":"https:\/\/www.vf-facci.it\/it\/?s={search_term_string}"},"query-input":{"@type":"PropertyValueSpecification","valueRequired":true,"valueName":"search_term_string"}}],"inLanguage":"it-IT"}]}},"_links":{"self":[{"href":"https:\/\/www.vf-facci.it\/it\/wp-json\/wp\/v2\/pages\/325","targetHints":{"allow":["GET"]}}],"collection":[{"href":"https:\/\/www.vf-facci.it\/it\/wp-json\/wp\/v2\/pages"}],"about":[{"href":"https:\/\/www.vf-facci.it\/it\/wp-json\/wp\/v2\/types\/page"}],"author":[{"embeddable":true,"href":"https:\/\/www.vf-facci.it\/it\/wp-json\/wp\/v2\/users\/2"}],"replies":[{"embeddable":true,"href":"https:\/\/www.vf-facci.it\/it\/wp-json\/wp\/v2\/comments?post=325"}],"version-history":[{"count":0,"href":"https:\/\/www.vf-facci.it\/it\/wp-json\/wp\/v2\/pages\/325\/revisions"}],"up":[{"embeddable":true,"href":"https:\/\/www.vf-facci.it\/it\/wp-json\/wp\/v2\/pages\/245"}],"wp:attachment":[{"href":"https:\/\/www.vf-facci.it\/it\/wp-json\/wp\/v2\/media?parent=325"}],"curies":[{"name":"wp","href":"https:\/\/api.w.org\/{rel}","templated":true}]}}